
{"id":2339,"date":"2018-07-31T13:29:48","date_gmt":"2018-07-31T11:29:48","guid":{"rendered":"http:\/\/mlekpol.thinq.pl\/index.php\/produkt\/maslanka-mragowska-straciatella-2\/"},"modified":"2022-12-13T09:49:27","modified_gmt":"2022-12-13T08:49:27","slug":"maslanka-mragowska-straciatella-2","status":"publish","type":"product","link":"https:\/\/mlekpol.com.pl\/index.php\/produkt\/maslanka-mragowska-straciatella-2\/","title":{"rendered":"Ma\u015blanka Mr\u0105gowska stracciatella"},"content":{"rendered":"<p>Mr\u0105gowska to najch\u0119tniej kupowana ma\u015blanka w Polsce. W wersji straciatella jest ulubionym mlecznym napojem deserowym dzieciak\u00f3w. Powstaje z najlepszego mazurskiego mleka z dodatkiem aromatycznych kawa\u0142k\u00f3w czekolady. Bez syropu glukozowo-fruktozowego.<\/p>\n","protected":false},"excerpt":{"rendered":"<p>Mr\u0105gowska to najch\u0119tniej kupowana ma\u015blanka w Polsce. W wersji straciatella jest ulubionym mlecznym napojem deserowym dzieciak\u00f3w. Powstaje z najlepszego mazurskiego mleka z dodatkiem aromatycznych kawa\u0142k\u00f3w czekolady. Bez syropu glukozowo-fruktozowego.<\/p>\n","protected":false},"featured_media":23377,"template":"","meta":[],"product_cat":[107,36,18],"product_tag":[],"_links":{"self":[{"href":"https:\/\/mlekpol.com.pl\/index.php\/wp-json\/wp\/v2\/product\/2339"}],"collection":[{"href":"https:\/\/mlekpol.com.pl\/index.php\/wp-json\/wp\/v2\/product"}],"about":[{"href":"https:\/\/mlekpol.com.pl\/index.php\/wp-json\/wp\/v2\/types\/product"}],"wp:featuredmedia":[{"embeddable":true,"href":"https:\/\/mlekpol.com.pl\/index.php\/wp-json\/wp\/v2\/media\/23377"}],"wp:attachment":[{"href":"https:\/\/mlekpol.com.pl\/index.php\/wp-json\/wp\/v2\/media?parent=2339"}],"wp:term":[{"taxonomy":"product_cat","embeddable":true,"href":"https:\/\/mlekpol.com.pl\/index.php\/wp-json\/wp\/v2\/product_cat?post=2339"},{"taxonomy":"product_tag","embeddable":true,"href":"https:\/\/mlekpol.com.pl\/index.php\/wp-json\/wp\/v2\/product_tag?post=2339"}],"curies":[{"name":"wp","href":"https:\/\/api.w.org\/{rel}","templated":true}]}}