
{"id":2338,"date":"2018-07-31T13:29:47","date_gmt":"2018-07-31T11:29:47","guid":{"rendered":"http:\/\/mlekpol.thinq.pl\/index.php\/produkt\/maslanka-mragowska-naturalna\/"},"modified":"2024-03-04T13:35:13","modified_gmt":"2024-03-04T12:35:13","slug":"maslanka-mragowska-naturalna","status":"publish","type":"product","link":"https:\/\/mlekpol.com.pl\/index.php\/produkt\/maslanka-mragowska-naturalna\/","title":{"rendered":"Ma\u015blanka Mr\u0105gowska naturalna"},"content":{"rendered":"<p>Najch\u0119tniej kupowana ma\u015blanka w Polsce. Powsta\u0142a z najlepszego mazurskiego mleka. Jest lekkostrawna i naturalna. Ceniona za sw\u00f3j wyj\u0105tkowy smak i w\u0142a\u015bciwo\u015bci prozdrowotne. Doskona\u0142a jako orze\u017awienie w upalne dni i warto\u015bciowe urozmaicenie diety przez ca\u0142y rok.<\/p>\n","protected":false},"excerpt":{"rendered":"<p>Najch\u0119tniej kupowana ma\u015blanka w Polsce. Powsta\u0142a z najlepszego mazurskiego mleka. Jest lekkostrawna i naturalna. Ceniona za sw\u00f3j wyj\u0105tkowy smak i w\u0142a\u015bciwo\u015bci prozdrowotne. Doskona\u0142a jako orze\u017awienie w upalne dni i warto\u015bciowe urozmaicenie diety przez ca\u0142y rok.<\/p>\n","protected":false},"featured_media":27001,"template":"","meta":[],"product_cat":[107,36,18],"product_tag":[],"_links":{"self":[{"href":"https:\/\/mlekpol.com.pl\/index.php\/wp-json\/wp\/v2\/product\/2338"}],"collection":[{"href":"https:\/\/mlekpol.com.pl\/index.php\/wp-json\/wp\/v2\/product"}],"about":[{"href":"https:\/\/mlekpol.com.pl\/index.php\/wp-json\/wp\/v2\/types\/product"}],"wp:featuredmedia":[{"embeddable":true,"href":"https:\/\/mlekpol.com.pl\/index.php\/wp-json\/wp\/v2\/media\/27001"}],"wp:attachment":[{"href":"https:\/\/mlekpol.com.pl\/index.php\/wp-json\/wp\/v2\/media?parent=2338"}],"wp:term":[{"taxonomy":"product_cat","embeddable":true,"href":"https:\/\/mlekpol.com.pl\/index.php\/wp-json\/wp\/v2\/product_cat?post=2338"},{"taxonomy":"product_tag","embeddable":true,"href":"https:\/\/mlekpol.com.pl\/index.php\/wp-json\/wp\/v2\/product_tag?post=2338"}],"curies":[{"name":"wp","href":"https:\/\/api.w.org\/{rel}","templated":true}]}}