
{"id":2333,"date":"2018-07-31T13:29:45","date_gmt":"2018-07-31T11:29:45","guid":{"rendered":"http:\/\/mlekpol.thinq.pl\/index.php\/produkt\/maslanka-mragowska-truskawka\/"},"modified":"2022-12-13T09:54:10","modified_gmt":"2022-12-13T08:54:10","slug":"maslanka-mragowska-truskawka","status":"publish","type":"product","link":"https:\/\/mlekpol.com.pl\/index.php\/produkt\/maslanka-mragowska-truskawka\/","title":{"rendered":"Ma\u015blanka Mr\u0105gowska truskawkowa"},"content":{"rendered":"<p>Powsta\u0142a z najlepszego mazurskiego mleka i soczystych owoc\u00f3w. Jest pyszna i lekkostrawna. Bez syropu glukozowo-fruktozowego. Swoj\u0105 s\u0142odycz zawdzi\u0119cza naturalnym dodatkom: owoc\u00f3w i cukru. Znakomicie sprawdza si\u0119 jako samodzielna pe\u0142nowarto\u015bciowa przek\u0105ska lub baza owocowych koktajli.<\/p>\n","protected":false},"excerpt":{"rendered":"<p>Powsta\u0142a z najlepszego mazurskiego mleka i soczystych owoc\u00f3w. Jest pyszna i lekkostrawna. Bez syropu glukozowo-fruktozowego. Swoj\u0105 s\u0142odycz zawdzi\u0119cza naturalnym dodatkom: owoc\u00f3w i cukru. Znakomicie sprawdza si\u0119 jako samodzielna pe\u0142nowarto\u015bciowa przek\u0105ska lub baza owocowych koktajli.<\/p>\n","protected":false},"featured_media":23378,"template":"","meta":[],"product_cat":[107,36,18],"product_tag":[],"_links":{"self":[{"href":"https:\/\/mlekpol.com.pl\/index.php\/wp-json\/wp\/v2\/product\/2333"}],"collection":[{"href":"https:\/\/mlekpol.com.pl\/index.php\/wp-json\/wp\/v2\/product"}],"about":[{"href":"https:\/\/mlekpol.com.pl\/index.php\/wp-json\/wp\/v2\/types\/product"}],"wp:featuredmedia":[{"embeddable":true,"href":"https:\/\/mlekpol.com.pl\/index.php\/wp-json\/wp\/v2\/media\/23378"}],"wp:attachment":[{"href":"https:\/\/mlekpol.com.pl\/index.php\/wp-json\/wp\/v2\/media?parent=2333"}],"wp:term":[{"taxonomy":"product_cat","embeddable":true,"href":"https:\/\/mlekpol.com.pl\/index.php\/wp-json\/wp\/v2\/product_cat?post=2333"},{"taxonomy":"product_tag","embeddable":true,"href":"https:\/\/mlekpol.com.pl\/index.php\/wp-json\/wp\/v2\/product_tag?post=2333"}],"curies":[{"name":"wp","href":"https:\/\/api.w.org\/{rel}","templated":true}]}}