
{"id":2330,"date":"2018-07-31T13:29:44","date_gmt":"2018-07-31T11:29:44","guid":{"rendered":"http:\/\/mlekpol.thinq.pl\/index.php\/produkt\/maslo-extra-mleczarnia-2\/"},"modified":"2020-06-01T11:19:25","modified_gmt":"2020-06-01T09:19:25","slug":"maslo-extra-mleczarnia-2","status":"publish","type":"product","link":"https:\/\/mlekpol.com.pl\/index.php\/produkt\/maslo-extra-mleczarnia-2\/","title":{"rendered":"Mas\u0142o extra Mleczarnia"},"content":{"rendered":"<p>Naturalne polskie mas\u0142o o \u015bmietankowym smaku i zawarto\u015bci t\u0142uszczu 83 %. Bez barwnik\u00f3w i konserwant\u00f3w. Mas\u0142o ekstra Mleczarnia to produkt dedykowany kana\u0142owi HoReCa. Wyr\u00f3\u017cniaj\u0105 go charakterystyczne, opakowanie w kratk\u0119, wi\u0119ksza ni\u017c dla indywidualnego konsumenta gramatura opakowania oraz cena przeznaczona zbiorowemu \u017cywieniu. Znakomicie sprawdza si\u0119 tak\u017ce jako sk\u0142adnik tradycyjnych ciast, krem\u00f3w i deser\u00f3w, dodatek do potraw oraz klasycznych kanapek.<br \/>\nWaga 2 kg<\/p>\n","protected":false},"excerpt":{"rendered":"<p>Naturalne polskie mas\u0142o o \u015bmietankowym smaku i zawarto\u015bci t\u0142uszczu 83 %. Bez barwnik\u00f3w i konserwant\u00f3w. Mas\u0142o ekstra Mleczarnia to produkt dedykowany kana\u0142owi HoReCa. Wyr\u00f3\u017cniaj\u0105 go charakterystyczne, opakowanie w kratk\u0119, wi\u0119ksza ni\u017c dla indywidualnego konsumenta gramatura opakowania oraz cena przeznaczona zbiorowemu \u017cywieniu. Znakomicie sprawdza si\u0119 tak\u017ce jako sk\u0142adnik tradycyjnych ciast, krem\u00f3w i deser\u00f3w, dodatek do potraw [&hellip;]<\/p>\n","protected":false},"featured_media":3586,"template":"","meta":[],"product_cat":[999,19,38,556],"product_tag":[],"_links":{"self":[{"href":"https:\/\/mlekpol.com.pl\/index.php\/wp-json\/wp\/v2\/product\/2330"}],"collection":[{"href":"https:\/\/mlekpol.com.pl\/index.php\/wp-json\/wp\/v2\/product"}],"about":[{"href":"https:\/\/mlekpol.com.pl\/index.php\/wp-json\/wp\/v2\/types\/product"}],"wp:featuredmedia":[{"embeddable":true,"href":"https:\/\/mlekpol.com.pl\/index.php\/wp-json\/wp\/v2\/media\/3586"}],"wp:attachment":[{"href":"https:\/\/mlekpol.com.pl\/index.php\/wp-json\/wp\/v2\/media?parent=2330"}],"wp:term":[{"taxonomy":"product_cat","embeddable":true,"href":"https:\/\/mlekpol.com.pl\/index.php\/wp-json\/wp\/v2\/product_cat?post=2330"},{"taxonomy":"product_tag","embeddable":true,"href":"https:\/\/mlekpol.com.pl\/index.php\/wp-json\/wp\/v2\/product_tag?post=2330"}],"curies":[{"name":"wp","href":"https:\/\/api.w.org\/{rel}","templated":true}]}}