
{"id":2328,"date":"2018-07-31T13:29:43","date_gmt":"2018-07-31T11:29:43","guid":{"rendered":"http:\/\/mlekpol.thinq.pl\/index.php\/produkt\/masmak-mragowski-3\/"},"modified":"2020-08-03T14:28:11","modified_gmt":"2020-08-03T12:28:11","slug":"masmak-mragowski-3","status":"publish","type":"product","link":"https:\/\/mlekpol.com.pl\/index.php\/produkt\/masmak-mragowski-3\/","title":{"rendered":"Masmak Mr\u0105gowski"},"content":{"rendered":"<p>Gotowy do smarowania od razu po wyj\u0119ciu z lod\u00f3wki.<br \/>\nPomaga w szybkim przygotowaniu kanapek. \u0141atw\u0105 smarowno\u015b\u0107 uzyska\u0142 dzi\u0119ki po\u0142\u0105czeniu a\u017c 50 % udzia\u0142 zdrowego, warto\u015bciowego t\u0142uszczu mlecznego czyli najwy\u017cszej jako\u015bci \u015bmietanki z niewielkim dodatkiem dobrego t\u0142uszczu ro\u015blinnego.<\/p>\n","protected":false},"excerpt":{"rendered":"<p>Gotowy do smarowania od razu po wyj\u0119ciu z lod\u00f3wki. Pomaga w szybkim przygotowaniu kanapek. \u0141atw\u0105 smarowno\u015b\u0107 uzyska\u0142 dzi\u0119ki po\u0142\u0105czeniu a\u017c 50 % udzia\u0142 zdrowego, warto\u015bciowego t\u0142uszczu mlecznego czyli najwy\u017cszej jako\u015bci \u015bmietanki z niewielkim dodatkiem dobrego t\u0142uszczu ro\u015blinnego.<\/p>\n","protected":false},"featured_media":3582,"template":"","meta":[],"product_cat":[1007,19,39],"product_tag":[],"_links":{"self":[{"href":"https:\/\/mlekpol.com.pl\/index.php\/wp-json\/wp\/v2\/product\/2328"}],"collection":[{"href":"https:\/\/mlekpol.com.pl\/index.php\/wp-json\/wp\/v2\/product"}],"about":[{"href":"https:\/\/mlekpol.com.pl\/index.php\/wp-json\/wp\/v2\/types\/product"}],"wp:featuredmedia":[{"embeddable":true,"href":"https:\/\/mlekpol.com.pl\/index.php\/wp-json\/wp\/v2\/media\/3582"}],"wp:attachment":[{"href":"https:\/\/mlekpol.com.pl\/index.php\/wp-json\/wp\/v2\/media?parent=2328"}],"wp:term":[{"taxonomy":"product_cat","embeddable":true,"href":"https:\/\/mlekpol.com.pl\/index.php\/wp-json\/wp\/v2\/product_cat?post=2328"},{"taxonomy":"product_tag","embeddable":true,"href":"https:\/\/mlekpol.com.pl\/index.php\/wp-json\/wp\/v2\/product_tag?post=2328"}],"curies":[{"name":"wp","href":"https:\/\/api.w.org\/{rel}","templated":true}]}}