
{"id":2325,"date":"2018-07-31T13:29:42","date_gmt":"2018-07-31T11:29:42","guid":{"rendered":"http:\/\/mlekpol.thinq.pl\/index.php\/produkt\/mix-laciaty-2\/"},"modified":"2022-12-09T01:01:34","modified_gmt":"2022-12-09T00:01:34","slug":"mix-laciaty-2","status":"publish","type":"product","link":"https:\/\/mlekpol.com.pl\/index.php\/produkt\/mix-laciaty-2\/","title":{"rendered":"Mix \u0141aciaty"},"content":{"rendered":"<p>Wygodny w u\u017cyciu. Pomaga w szybkim przygotowaniu kanapek. \u0141atw\u0105 smarowno\u015b\u0107 uzyska\u0142 dzi\u0119ki po\u0142\u0105czeniu a\u017c 50 % udzia\u0142 zdrowego, warto\u015bciowego t\u0142uszczu mlecznego czyli najwy\u017cszej jako\u015bci \u015bmietanki z niewielkim dodatkiem dobrego t\u0142uszczu ro\u015blinnego.<\/p>\n","protected":false},"excerpt":{"rendered":"<p>Wygodny w u\u017cyciu. Pomaga w szybkim przygotowaniu kanapek. \u0141atw\u0105 smarowno\u015b\u0107 uzyska\u0142 dzi\u0119ki po\u0142\u0105czeniu a\u017c 50 % udzia\u0142 zdrowego, warto\u015bciowego t\u0142uszczu mlecznego czyli najwy\u017cszej jako\u015bci \u015bmietanki z niewielkim dodatkiem dobrego t\u0142uszczu ro\u015blinnego.<\/p>\n","protected":false},"featured_media":24182,"template":"","meta":[],"product_cat":[19,39,48],"product_tag":[],"_links":{"self":[{"href":"https:\/\/mlekpol.com.pl\/index.php\/wp-json\/wp\/v2\/product\/2325"}],"collection":[{"href":"https:\/\/mlekpol.com.pl\/index.php\/wp-json\/wp\/v2\/product"}],"about":[{"href":"https:\/\/mlekpol.com.pl\/index.php\/wp-json\/wp\/v2\/types\/product"}],"wp:featuredmedia":[{"embeddable":true,"href":"https:\/\/mlekpol.com.pl\/index.php\/wp-json\/wp\/v2\/media\/24182"}],"wp:attachment":[{"href":"https:\/\/mlekpol.com.pl\/index.php\/wp-json\/wp\/v2\/media?parent=2325"}],"wp:term":[{"taxonomy":"product_cat","embeddable":true,"href":"https:\/\/mlekpol.com.pl\/index.php\/wp-json\/wp\/v2\/product_cat?post=2325"},{"taxonomy":"product_tag","embeddable":true,"href":"https:\/\/mlekpol.com.pl\/index.php\/wp-json\/wp\/v2\/product_tag?post=2325"}],"curies":[{"name":"wp","href":"https:\/\/api.w.org\/{rel}","templated":true}]}}