
{"id":2324,"date":"2018-07-31T13:29:42","date_gmt":"2018-07-31T11:29:42","guid":{"rendered":"http:\/\/mlekpol.thinq.pl\/index.php\/produkt\/maslo-extra-wiejskie-rolmlecz\/"},"modified":"2023-07-24T22:15:33","modified_gmt":"2023-07-24T20:15:33","slug":"maslo-extra-wiejskie-rolmlecz","status":"publish","type":"product","link":"https:\/\/mlekpol.com.pl\/index.php\/produkt\/maslo-extra-wiejskie-rolmlecz\/","title":{"rendered":"Mas\u0142o extra wiejskie Rolmlecz"},"content":{"rendered":"<p>Prawdziwe domowe mas\u0142o \u2013 naturalne i tradycyjne. Sw\u00f3j pyszny smak zawdzi\u0119cza najlepszej \u015bmietance. \u0179r\u00f3d\u0142o cennych witamin i zdrowego t\u0142uszczu. Bez konserwant\u00f3w i barwnik\u00f3w Do smarowania kanapek i do innych zastosowa\u0144 w kuchni: do sma\u017cenia, gotowania i wypiek\u00f3w.<\/p>\n","protected":false},"excerpt":{"rendered":"<p>Prawdziwe domowe mas\u0142o \u2013 naturalne i tradycyjne. Sw\u00f3j pyszny smak zawdzi\u0119cza najlepszej \u015bmietance. \u0179r\u00f3d\u0142o cennych witamin i zdrowego t\u0142uszczu. Bez konserwant\u00f3w i barwnik\u00f3w Do smarowania kanapek i do innych zastosowa\u0144 w kuchni: do sma\u017cenia, gotowania i wypiek\u00f3w.<\/p>\n","protected":false},"featured_media":25228,"template":"","meta":[],"product_cat":[19,38,109],"product_tag":[],"_links":{"self":[{"href":"https:\/\/mlekpol.com.pl\/index.php\/wp-json\/wp\/v2\/product\/2324"}],"collection":[{"href":"https:\/\/mlekpol.com.pl\/index.php\/wp-json\/wp\/v2\/product"}],"about":[{"href":"https:\/\/mlekpol.com.pl\/index.php\/wp-json\/wp\/v2\/types\/product"}],"wp:featuredmedia":[{"embeddable":true,"href":"https:\/\/mlekpol.com.pl\/index.php\/wp-json\/wp\/v2\/media\/25228"}],"wp:attachment":[{"href":"https:\/\/mlekpol.com.pl\/index.php\/wp-json\/wp\/v2\/media?parent=2324"}],"wp:term":[{"taxonomy":"product_cat","embeddable":true,"href":"https:\/\/mlekpol.com.pl\/index.php\/wp-json\/wp\/v2\/product_cat?post=2324"},{"taxonomy":"product_tag","embeddable":true,"href":"https:\/\/mlekpol.com.pl\/index.php\/wp-json\/wp\/v2\/product_tag?post=2324"}],"curies":[{"name":"wp","href":"https:\/\/api.w.org\/{rel}","templated":true}]}}