
{"id":2322,"date":"2018-07-31T13:29:41","date_gmt":"2018-07-31T11:29:41","guid":{"rendered":"http:\/\/mlekpol.thinq.pl\/index.php\/produkt\/maslo-extra-mazurski-smak-2\/"},"modified":"2020-08-03T15:43:42","modified_gmt":"2020-08-03T13:43:42","slug":"maslo-extra-mazurski-smak-2","status":"publish","type":"product","link":"https:\/\/mlekpol.com.pl\/index.php\/produkt\/maslo-extra-mazurski-smak-2\/","title":{"rendered":"Mas\u0142o extra Mazurski Smak"},"content":{"rendered":"<p>Naturalne mas\u0142o ze \u015bwie\u017cej \u015bmietanki z mleka od kr\u00f3w wypasanych na zielonych \u0142\u0105kach Warmii i Mazur. \u0179r\u00f3d\u0142o cennych witamin i zdrowego t\u0142uszczu.<br \/>\nTradycyjna receptura i pyszny regionalny smak. Bez konserwant\u00f3w i barwnik\u00f3w. Mas\u0142o extra jest niezast\u0105pione na kanapk\u0119 i do innych zastosowa\u0144 kulinarnych.<\/p>\n","protected":false},"excerpt":{"rendered":"<p>Naturalne mas\u0142o ze \u015bwie\u017cej \u015bmietanki z mleka od kr\u00f3w wypasanych na zielonych \u0142\u0105kach Warmii i Mazur. \u0179r\u00f3d\u0142o cennych witamin i zdrowego t\u0142uszczu. Tradycyjna receptura i pyszny regionalny smak. Bez konserwant\u00f3w i barwnik\u00f3w. Mas\u0142o extra jest niezast\u0105pione na kanapk\u0119 i do innych zastosowa\u0144 kulinarnych.<\/p>\n","protected":false},"featured_media":3570,"template":"","meta":[],"product_cat":[19,38,105],"product_tag":[],"_links":{"self":[{"href":"https:\/\/mlekpol.com.pl\/index.php\/wp-json\/wp\/v2\/product\/2322"}],"collection":[{"href":"https:\/\/mlekpol.com.pl\/index.php\/wp-json\/wp\/v2\/product"}],"about":[{"href":"https:\/\/mlekpol.com.pl\/index.php\/wp-json\/wp\/v2\/types\/product"}],"wp:featuredmedia":[{"embeddable":true,"href":"https:\/\/mlekpol.com.pl\/index.php\/wp-json\/wp\/v2\/media\/3570"}],"wp:attachment":[{"href":"https:\/\/mlekpol.com.pl\/index.php\/wp-json\/wp\/v2\/media?parent=2322"}],"wp:term":[{"taxonomy":"product_cat","embeddable":true,"href":"https:\/\/mlekpol.com.pl\/index.php\/wp-json\/wp\/v2\/product_cat?post=2322"},{"taxonomy":"product_tag","embeddable":true,"href":"https:\/\/mlekpol.com.pl\/index.php\/wp-json\/wp\/v2\/product_tag?post=2322"}],"curies":[{"name":"wp","href":"https:\/\/api.w.org\/{rel}","templated":true}]}}