
{"id":2320,"date":"2018-07-31T13:29:40","date_gmt":"2018-07-31T11:29:40","guid":{"rendered":"http:\/\/mlekpol.thinq.pl\/index.php\/produkt\/maslo-extra-laciate-kubek-2\/"},"modified":"2022-12-09T02:33:56","modified_gmt":"2022-12-09T01:33:56","slug":"maslo-extra-laciate-kubek-2","status":"publish","type":"product","link":"https:\/\/mlekpol.com.pl\/index.php\/produkt\/maslo-extra-laciate-kubek-2\/","title":{"rendered":"Mas\u0142o extra \u0141aciate kubek"},"content":{"rendered":"<p>Tradycyjne polskie mas\u0142o o \u015bmietankowym smaku i zawarto\u015bci t\u0142uszczu 83 %. Dostarcza cennych witamin i energii do codziennego funkcjonowania. Mas\u0142o ekstra \u0141aciate jest idealne do kanapek. Znakomicie sprawdza si\u0119 tak\u017ce jako sk\u0142adnik tradycyjnych ciast, krem\u00f3w i deser\u00f3w oraz dodatek do potraw. W lekkim i praktycznym kubku o formie maselniczki. Wysoka jako\u015b\u0107 kubka oraz dodatkowa zabezpieczaj\u0105ca folia gwarantuj\u0105 d\u0142u\u017cszy termin przydatno\u015bci do spo\u017cycia \u2013 60 dni.<\/p>\n","protected":false},"excerpt":{"rendered":"<p>Tradycyjne polskie mas\u0142o o \u015bmietankowym smaku i zawarto\u015bci t\u0142uszczu 83 %. Dostarcza cennych witamin i energii do codziennego funkcjonowania. Mas\u0142o ekstra \u0141aciate jest idealne do kanapek. Znakomicie sprawdza si\u0119 tak\u017ce jako sk\u0142adnik tradycyjnych ciast, krem\u00f3w i deser\u00f3w oraz dodatek do potraw. W lekkim i praktycznym kubku o formie maselniczki. Wysoka jako\u015b\u0107 kubka oraz dodatkowa zabezpieczaj\u0105ca [&hellip;]<\/p>\n","protected":false},"featured_media":3566,"template":"","meta":[],"product_cat":[19,38,48],"product_tag":[],"_links":{"self":[{"href":"https:\/\/mlekpol.com.pl\/index.php\/wp-json\/wp\/v2\/product\/2320"}],"collection":[{"href":"https:\/\/mlekpol.com.pl\/index.php\/wp-json\/wp\/v2\/product"}],"about":[{"href":"https:\/\/mlekpol.com.pl\/index.php\/wp-json\/wp\/v2\/types\/product"}],"wp:featuredmedia":[{"embeddable":true,"href":"https:\/\/mlekpol.com.pl\/index.php\/wp-json\/wp\/v2\/media\/3566"}],"wp:attachment":[{"href":"https:\/\/mlekpol.com.pl\/index.php\/wp-json\/wp\/v2\/media?parent=2320"}],"wp:term":[{"taxonomy":"product_cat","embeddable":true,"href":"https:\/\/mlekpol.com.pl\/index.php\/wp-json\/wp\/v2\/product_cat?post=2320"},{"taxonomy":"product_tag","embeddable":true,"href":"https:\/\/mlekpol.com.pl\/index.php\/wp-json\/wp\/v2\/product_tag?post=2320"}],"curies":[{"name":"wp","href":"https:\/\/api.w.org\/{rel}","templated":true}]}}