
{"id":2317,"date":"2018-07-31T13:29:39","date_gmt":"2018-07-31T11:29:39","guid":{"rendered":"http:\/\/mlekpol.thinq.pl\/index.php\/produkt\/maslo-extra-laciate-2\/"},"modified":"2025-12-11T02:26:41","modified_gmt":"2025-12-11T01:26:41","slug":"maslo-extra-laciate-2","status":"publish","type":"product","link":"https:\/\/mlekpol.com.pl\/index.php\/produkt\/maslo-extra-laciate-2\/","title":{"rendered":"Mas\u0142o extra \u0141aciate"},"content":{"rendered":"<p>Tradycyjne polskie mas\u0142o o \u015bmietankowym smaku i zawarto\u015bci t\u0142uszczu 83 %. Dostarcza cennych witamin i energii do codziennego funkcjonowania. Mas\u0142o ekstra \u0141aciate jest idealne do kanapek. Znakomicie sprawdza si\u0119 tak\u017ce jako sk\u0142adnik tradycyjnych ciast, krem\u00f3w i deser\u00f3w oraz dodatek do potraw.<\/p>\n","protected":false},"excerpt":{"rendered":"<p>Tradycyjne polskie mas\u0142o o \u015bmietankowym smaku i zawarto\u015bci t\u0142uszczu 83 %. Dostarcza cennych witamin i energii do codziennego funkcjonowania. Mas\u0142o ekstra \u0141aciate jest idealne do kanapek. Znakomicie sprawdza si\u0119 tak\u017ce jako sk\u0142adnik tradycyjnych ciast, krem\u00f3w i deser\u00f3w oraz dodatek do potraw.<\/p>\n","protected":false},"featured_media":31937,"template":"","meta":[],"product_cat":[19,38,48],"product_tag":[],"_links":{"self":[{"href":"https:\/\/mlekpol.com.pl\/index.php\/wp-json\/wp\/v2\/product\/2317"}],"collection":[{"href":"https:\/\/mlekpol.com.pl\/index.php\/wp-json\/wp\/v2\/product"}],"about":[{"href":"https:\/\/mlekpol.com.pl\/index.php\/wp-json\/wp\/v2\/types\/product"}],"wp:featuredmedia":[{"embeddable":true,"href":"https:\/\/mlekpol.com.pl\/index.php\/wp-json\/wp\/v2\/media\/31937"}],"wp:attachment":[{"href":"https:\/\/mlekpol.com.pl\/index.php\/wp-json\/wp\/v2\/media?parent=2317"}],"wp:term":[{"taxonomy":"product_cat","embeddable":true,"href":"https:\/\/mlekpol.com.pl\/index.php\/wp-json\/wp\/v2\/product_cat?post=2317"},{"taxonomy":"product_tag","embeddable":true,"href":"https:\/\/mlekpol.com.pl\/index.php\/wp-json\/wp\/v2\/product_tag?post=2317"}],"curies":[{"name":"wp","href":"https:\/\/api.w.org\/{rel}","templated":true}]}}