
{"id":2315,"date":"2018-07-31T13:29:38","date_gmt":"2018-07-31T11:29:38","guid":{"rendered":"http:\/\/mlekpol.thinq.pl\/index.php\/produkt\/smietana-wiejska-rolmlecz-18-2\/"},"modified":"2023-07-12T12:06:08","modified_gmt":"2023-07-12T10:06:08","slug":"smietana-wiejska-rolmlecz-18-2","status":"publish","type":"product","link":"https:\/\/mlekpol.com.pl\/index.php\/produkt\/smietana-wiejska-rolmlecz-18-2\/","title":{"rendered":"\u015amietana Rolmlecz 18%"},"content":{"rendered":"<p>Pyszna \u015bmietana Rolmlecz. Jej zalety to naturalny smak, wysoka jako\u015b\u0107 i bogactwo sk\u0142adnik\u00f3w od\u017cywczych.<br \/>\nDoskonale sprawdza si\u0119 jako dodatek do zup, deser\u00f3w i innych potraw.<\/p>\n","protected":false},"excerpt":{"rendered":"<p>Pyszna \u015bmietana Rolmlecz. Jej zalety to naturalny smak, wysoka jako\u015b\u0107 i bogactwo sk\u0142adnik\u00f3w od\u017cywczych. Doskonale sprawdza si\u0119 jako dodatek do zup, deser\u00f3w i innych potraw.<\/p>\n","protected":false},"featured_media":21750,"template":"","meta":[],"product_cat":[109,17],"product_tag":[],"_links":{"self":[{"href":"https:\/\/mlekpol.com.pl\/index.php\/wp-json\/wp\/v2\/product\/2315"}],"collection":[{"href":"https:\/\/mlekpol.com.pl\/index.php\/wp-json\/wp\/v2\/product"}],"about":[{"href":"https:\/\/mlekpol.com.pl\/index.php\/wp-json\/wp\/v2\/types\/product"}],"wp:featuredmedia":[{"embeddable":true,"href":"https:\/\/mlekpol.com.pl\/index.php\/wp-json\/wp\/v2\/media\/21750"}],"wp:attachment":[{"href":"https:\/\/mlekpol.com.pl\/index.php\/wp-json\/wp\/v2\/media?parent=2315"}],"wp:term":[{"taxonomy":"product_cat","embeddable":true,"href":"https:\/\/mlekpol.com.pl\/index.php\/wp-json\/wp\/v2\/product_cat?post=2315"},{"taxonomy":"product_tag","embeddable":true,"href":"https:\/\/mlekpol.com.pl\/index.php\/wp-json\/wp\/v2\/product_tag?post=2315"}],"curies":[{"name":"wp","href":"https:\/\/api.w.org\/{rel}","templated":true}]}}