
{"id":2306,"date":"2018-07-31T13:29:34","date_gmt":"2018-07-31T11:29:34","guid":{"rendered":"http:\/\/mlekpol.thinq.pl\/index.php\/produkt\/smietana-mazurski-smak-12\/"},"modified":"2022-02-02T14:20:19","modified_gmt":"2022-02-02T13:20:19","slug":"smietana-mazurski-smak-12","status":"publish","type":"product","link":"https:\/\/mlekpol.com.pl\/index.php\/produkt\/smietana-mazurski-smak-12\/","title":{"rendered":"\u015amietana Mazurski Smak 12%"},"content":{"rendered":"<p>Naturalna \u015bmietana Mazurski Smak, ukwaszona w tradycyjny spos\u00f3b, ceniona za wysok\u0105 jako\u015b\u0107 i walory smakowe \u2013 popularna nie tylko na Mazurach.<br \/>\n\u015awietnie komponuje si\u0119 z wieloma potrawami, zw\u0142aszcza z zupami i sa\u0142atkami.<\/p>\n","protected":false},"excerpt":{"rendered":"<p>Naturalna \u015bmietana Mazurski Smak, ukwaszona w tradycyjny spos\u00f3b, ceniona za wysok\u0105 jako\u015b\u0107 i walory smakowe \u2013 popularna nie tylko na Mazurach. \u015awietnie komponuje si\u0119 z wieloma potrawami, zw\u0142aszcza z zupami i sa\u0142atkami.<\/p>\n","protected":false},"featured_media":23056,"template":"","meta":[],"product_cat":[105,17],"product_tag":[],"_links":{"self":[{"href":"https:\/\/mlekpol.com.pl\/index.php\/wp-json\/wp\/v2\/product\/2306"}],"collection":[{"href":"https:\/\/mlekpol.com.pl\/index.php\/wp-json\/wp\/v2\/product"}],"about":[{"href":"https:\/\/mlekpol.com.pl\/index.php\/wp-json\/wp\/v2\/types\/product"}],"wp:featuredmedia":[{"embeddable":true,"href":"https:\/\/mlekpol.com.pl\/index.php\/wp-json\/wp\/v2\/media\/23056"}],"wp:attachment":[{"href":"https:\/\/mlekpol.com.pl\/index.php\/wp-json\/wp\/v2\/media?parent=2306"}],"wp:term":[{"taxonomy":"product_cat","embeddable":true,"href":"https:\/\/mlekpol.com.pl\/index.php\/wp-json\/wp\/v2\/product_cat?post=2306"},{"taxonomy":"product_tag","embeddable":true,"href":"https:\/\/mlekpol.com.pl\/index.php\/wp-json\/wp\/v2\/product_tag?post=2306"}],"curies":[{"name":"wp","href":"https:\/\/api.w.org\/{rel}","templated":true}]}}