
{"id":2305,"date":"2018-07-31T13:29:34","date_gmt":"2018-07-31T11:29:34","guid":{"rendered":"http:\/\/mlekpol.thinq.pl\/index.php\/produkt\/smietanka-uht-laciata-30-4\/"},"modified":"2022-12-09T09:58:55","modified_gmt":"2022-12-09T08:58:55","slug":"smietanka-uht-laciata-30-4","status":"publish","type":"product","link":"https:\/\/mlekpol.com.pl\/index.php\/produkt\/smietanka-uht-laciata-30-4\/","title":{"rendered":"\u015amietanka UHT \u0141aciata 30%"},"content":{"rendered":"<p>Doskona\u0142a \u015bmietanka do ciast i deser\u00f3w. Produkowana ze zdrowego polskiego mleka z najczystszych teren\u00f3w Polski. Zimna \u015bmietanka ubija si\u0119 \u0142atwo i szybko, tworz\u0105c sztywn\u0105 i puszyst\u0105 pian\u0119. Idealnie nadaje si\u0119 do przyrz\u0105dzania pysznych krem\u00f3w.<br \/>\nSprawdza si\u0119 r\u00f3wnie\u017c jako dodatek do zup i sos\u00f3w, nie warzy si\u0119 w gor\u0105cej potrawie. Nalana w praktyczne kartoniki z zakr\u0119tk\u0105, wygodne w u\u017cyciu i \u0142atwe do przechowywania.<\/p>\n","protected":false},"excerpt":{"rendered":"<p>Doskona\u0142a \u015bmietanka do ciast i deser\u00f3w. Produkowana ze zdrowego polskiego mleka z najczystszych teren\u00f3w Polski. Zimna \u015bmietanka ubija si\u0119 \u0142atwo i szybko, tworz\u0105c sztywn\u0105 i puszyst\u0105 pian\u0119. Idealnie nadaje si\u0119 do przyrz\u0105dzania pysznych krem\u00f3w. Sprawdza si\u0119 r\u00f3wnie\u017c jako dodatek do zup i sos\u00f3w, nie warzy si\u0119 w gor\u0105cej potrawie. Nalana w praktyczne kartoniki z zakr\u0119tk\u0105, [&hellip;]<\/p>\n","protected":false},"featured_media":16479,"template":"","meta":[],"product_cat":[999,329,48],"product_tag":[],"_links":{"self":[{"href":"https:\/\/mlekpol.com.pl\/index.php\/wp-json\/wp\/v2\/product\/2305"}],"collection":[{"href":"https:\/\/mlekpol.com.pl\/index.php\/wp-json\/wp\/v2\/product"}],"about":[{"href":"https:\/\/mlekpol.com.pl\/index.php\/wp-json\/wp\/v2\/types\/product"}],"wp:featuredmedia":[{"embeddable":true,"href":"https:\/\/mlekpol.com.pl\/index.php\/wp-json\/wp\/v2\/media\/16479"}],"wp:attachment":[{"href":"https:\/\/mlekpol.com.pl\/index.php\/wp-json\/wp\/v2\/media?parent=2305"}],"wp:term":[{"taxonomy":"product_cat","embeddable":true,"href":"https:\/\/mlekpol.com.pl\/index.php\/wp-json\/wp\/v2\/product_cat?post=2305"},{"taxonomy":"product_tag","embeddable":true,"href":"https:\/\/mlekpol.com.pl\/index.php\/wp-json\/wp\/v2\/product_tag?post=2305"}],"curies":[{"name":"wp","href":"https:\/\/api.w.org\/{rel}","templated":true}]}}