
{"id":2302,"date":"2018-07-31T13:29:33","date_gmt":"2018-07-31T11:29:33","guid":{"rendered":"http:\/\/mlekpol.thinq.pl\/index.php\/produkt\/smietanka-uht-laciata-do-kawy-10-ml-x-10-szt\/"},"modified":"2024-03-28T12:17:38","modified_gmt":"2024-03-28T11:17:38","slug":"smietanka-uht-laciata-do-kawy-10-ml-x-10-szt","status":"publish","type":"product","link":"https:\/\/mlekpol.com.pl\/index.php\/produkt\/smietanka-uht-laciata-do-kawy-10-ml-x-10-szt\/","title":{"rendered":"\u015amietanka UHT \u0141aciata do kawy 10 ml x 10 szt."},"content":{"rendered":"<p>Pyszna i delikatna, niezast\u0105piona jako dodatek do aromatycznej kawy. Kremowy smak w ka\u017cdej kropli. \u0179r\u00f3d\u0142o wapnia i bia\u0142ka, bogactwo cennych witamin i sk\u0142adnik\u00f3w mineralnych. Wygodne kubeczki o pojemno\u015bci 10 ml to idealna porcja \u015bmietanki do kawy. Doskonale sprawdza si\u0119 w domu, w pracy i w podr\u00f3\u017cy.<\/p>\n","protected":false},"excerpt":{"rendered":"<p>Pyszna i delikatna, niezast\u0105piona jako dodatek do aromatycznej kawy. Kremowy smak w ka\u017cdej kropli. \u0179r\u00f3d\u0142o wapnia i bia\u0142ka, bogactwo cennych witamin i sk\u0142adnik\u00f3w mineralnych. Wygodne kubeczki o pojemno\u015bci 10 ml to idealna porcja \u015bmietanki do kawy. Doskonale sprawdza si\u0119 w domu, w pracy i w podr\u00f3\u017cy.<\/p>\n","protected":false},"featured_media":27184,"template":"","meta":[],"product_cat":[999,329,48],"product_tag":[],"_links":{"self":[{"href":"https:\/\/mlekpol.com.pl\/index.php\/wp-json\/wp\/v2\/product\/2302"}],"collection":[{"href":"https:\/\/mlekpol.com.pl\/index.php\/wp-json\/wp\/v2\/product"}],"about":[{"href":"https:\/\/mlekpol.com.pl\/index.php\/wp-json\/wp\/v2\/types\/product"}],"wp:featuredmedia":[{"embeddable":true,"href":"https:\/\/mlekpol.com.pl\/index.php\/wp-json\/wp\/v2\/media\/27184"}],"wp:attachment":[{"href":"https:\/\/mlekpol.com.pl\/index.php\/wp-json\/wp\/v2\/media?parent=2302"}],"wp:term":[{"taxonomy":"product_cat","embeddable":true,"href":"https:\/\/mlekpol.com.pl\/index.php\/wp-json\/wp\/v2\/product_cat?post=2302"},{"taxonomy":"product_tag","embeddable":true,"href":"https:\/\/mlekpol.com.pl\/index.php\/wp-json\/wp\/v2\/product_tag?post=2302"}],"curies":[{"name":"wp","href":"https:\/\/api.w.org\/{rel}","templated":true}]}}