
{"id":2301,"date":"2018-07-31T13:29:32","date_gmt":"2018-07-31T11:29:32","guid":{"rendered":"http:\/\/mlekpol.thinq.pl\/index.php\/produkt\/smietanka-uht-laciata-12-2\/"},"modified":"2022-12-06T11:01:01","modified_gmt":"2022-12-06T10:01:01","slug":"smietanka-uht-laciata-12-2","status":"publish","type":"product","link":"https:\/\/mlekpol.com.pl\/index.php\/produkt\/smietanka-uht-laciata-12-2\/","title":{"rendered":"\u015amietanka UHT \u0141aciata 12%"},"content":{"rendered":"<p>Produkt najwy\u017cszej jako\u015bci z najlepszego polskiego mleka. Lekka, kremowa, o delikatnym smaku, idealnie sprawdza si\u0119 jako dodatek do kawy. Zawiera wiele cennych witamin i minera\u0142\u00f3w. Uniwersalna w zastosowaniu. Niezast\u0105piona jako sk\u0142adnik deser\u00f3w i koktajli, dodatek do sos\u00f3w, zup i sa\u0142atek. Nalana w praktyczne kartoniki z zakr\u0119tk\u0105, wygodne w u\u017cyciu i \u0142atwe do przechowywania.<\/p>\n","protected":false},"excerpt":{"rendered":"<p>Produkt najwy\u017cszej jako\u015bci z najlepszego polskiego mleka. Lekka, kremowa, o delikatnym smaku, idealnie sprawdza si\u0119 jako dodatek do kawy. Zawiera wiele cennych witamin i minera\u0142\u00f3w. Uniwersalna w zastosowaniu. Niezast\u0105piona jako sk\u0142adnik deser\u00f3w i koktajli, dodatek do sos\u00f3w, zup i sa\u0142atek. Nalana w praktyczne kartoniki z zakr\u0119tk\u0105, wygodne w u\u017cyciu i \u0142atwe do przechowywania.<\/p>\n","protected":false},"featured_media":21399,"template":"","meta":[],"product_cat":[329,48],"product_tag":[],"_links":{"self":[{"href":"https:\/\/mlekpol.com.pl\/index.php\/wp-json\/wp\/v2\/product\/2301"}],"collection":[{"href":"https:\/\/mlekpol.com.pl\/index.php\/wp-json\/wp\/v2\/product"}],"about":[{"href":"https:\/\/mlekpol.com.pl\/index.php\/wp-json\/wp\/v2\/types\/product"}],"wp:featuredmedia":[{"embeddable":true,"href":"https:\/\/mlekpol.com.pl\/index.php\/wp-json\/wp\/v2\/media\/21399"}],"wp:attachment":[{"href":"https:\/\/mlekpol.com.pl\/index.php\/wp-json\/wp\/v2\/media?parent=2301"}],"wp:term":[{"taxonomy":"product_cat","embeddable":true,"href":"https:\/\/mlekpol.com.pl\/index.php\/wp-json\/wp\/v2\/product_cat?post=2301"},{"taxonomy":"product_tag","embeddable":true,"href":"https:\/\/mlekpol.com.pl\/index.php\/wp-json\/wp\/v2\/product_tag?post=2301"}],"curies":[{"name":"wp","href":"https:\/\/api.w.org\/{rel}","templated":true}]}}