
{"id":2300,"date":"2018-07-31T13:29:32","date_gmt":"2018-07-31T11:29:32","guid":{"rendered":"http:\/\/mlekpol.thinq.pl\/index.php\/produkt\/smietanka-uht-laciata-18-2\/"},"modified":"2022-12-06T11:02:07","modified_gmt":"2022-12-06T10:02:07","slug":"smietanka-uht-laciata-18-2","status":"publish","type":"product","link":"https:\/\/mlekpol.com.pl\/index.php\/produkt\/smietanka-uht-laciata-18-2\/","title":{"rendered":"\u015amietanka UHT \u0141aciata 18%"},"content":{"rendered":"<p>Najbardziej uniwersalna i najch\u0119tniej wybierana \u015bmietanka na polskim rynku. Wyprodukowana z najlepszego polskiego mleka. Podkre\u015bla i wzbogaca smak da\u0144.<br \/>\nZnakomicie sprawdza si\u0119 na zimno jako dodatek do ch\u0142odnik\u00f3w albo baza sos\u00f3w, dip\u00f3w i koktajli. Nadaje si\u0119 r\u00f3wnie\u017c do zabielania zup i sos\u00f3w, poniewa\u017c nie warzy si\u0119 w potrawie. Nalana w praktyczne kartoniki z zakr\u0119tk\u0105, wygodne w u\u017cyciu i \u0142atwe do przechowywania.<\/p>\n","protected":false},"excerpt":{"rendered":"<p>Najbardziej uniwersalna i najch\u0119tniej wybierana \u015bmietanka na polskim rynku. Wyprodukowana z najlepszego polskiego mleka. Podkre\u015bla i wzbogaca smak da\u0144. Znakomicie sprawdza si\u0119 na zimno jako dodatek do ch\u0142odnik\u00f3w albo baza sos\u00f3w, dip\u00f3w i koktajli. Nadaje si\u0119 r\u00f3wnie\u017c do zabielania zup i sos\u00f3w, poniewa\u017c nie warzy si\u0119 w potrawie. Nalana w praktyczne kartoniki z zakr\u0119tk\u0105, wygodne [&hellip;]<\/p>\n","protected":false},"featured_media":21398,"template":"","meta":[],"product_cat":[329,48],"product_tag":[],"_links":{"self":[{"href":"https:\/\/mlekpol.com.pl\/index.php\/wp-json\/wp\/v2\/product\/2300"}],"collection":[{"href":"https:\/\/mlekpol.com.pl\/index.php\/wp-json\/wp\/v2\/product"}],"about":[{"href":"https:\/\/mlekpol.com.pl\/index.php\/wp-json\/wp\/v2\/types\/product"}],"wp:featuredmedia":[{"embeddable":true,"href":"https:\/\/mlekpol.com.pl\/index.php\/wp-json\/wp\/v2\/media\/21398"}],"wp:attachment":[{"href":"https:\/\/mlekpol.com.pl\/index.php\/wp-json\/wp\/v2\/media?parent=2300"}],"wp:term":[{"taxonomy":"product_cat","embeddable":true,"href":"https:\/\/mlekpol.com.pl\/index.php\/wp-json\/wp\/v2\/product_cat?post=2300"},{"taxonomy":"product_tag","embeddable":true,"href":"https:\/\/mlekpol.com.pl\/index.php\/wp-json\/wp\/v2\/product_tag?post=2300"}],"curies":[{"name":"wp","href":"https:\/\/api.w.org\/{rel}","templated":true}]}}