
{"id":2295,"date":"2018-07-31T13:29:30","date_gmt":"2018-07-31T11:29:30","guid":{"rendered":"http:\/\/mlekpol.thinq.pl\/index.php\/produkt\/smietanka-uht-laciata-36-2\/"},"modified":"2022-12-06T10:58:12","modified_gmt":"2022-12-06T09:58:12","slug":"smietanka-uht-laciata-36-2","status":"publish","type":"product","link":"https:\/\/mlekpol.com.pl\/index.php\/produkt\/smietanka-uht-laciata-36-2\/","title":{"rendered":"\u015amietanka UHT \u0141aciata 36%"},"content":{"rendered":"<p>Popularna i smaczna krem\u00f3wka \u2013 najlepsza \u015bmietanka do ubijania. Produkowana ze zdrowego polskiego mleka z najczystszych teren\u00f3w Polski.<br \/>\nNiekwestionowana kr\u00f3lowa deser\u00f3w: bita \u015bmietana z owocami. W g\u0142\u00f3wnej roli, oczywi\u015bcie, \u0141aciata 36%. \u015amietanka sprawdza si\u0119 r\u00f3wnie\u017c na ciep\u0142o jako baza sos\u00f3w, krem\u00f3w i polew. Doskonale nadaje si\u0119 do dekoracji ciast, tort\u00f3w i babeczek.<\/p>\n","protected":false},"excerpt":{"rendered":"<p>Popularna i smaczna krem\u00f3wka \u2013 najlepsza \u015bmietanka do ubijania. Produkowana ze zdrowego polskiego mleka z najczystszych teren\u00f3w Polski. Niekwestionowana kr\u00f3lowa deser\u00f3w: bita \u015bmietana z owocami. W g\u0142\u00f3wnej roli, oczywi\u015bcie, \u0141aciata 36%. \u015amietanka sprawdza si\u0119 r\u00f3wnie\u017c na ciep\u0142o jako baza sos\u00f3w, krem\u00f3w i polew. Doskonale nadaje si\u0119 do dekoracji ciast, tort\u00f3w i babeczek.<\/p>\n","protected":false},"featured_media":19426,"template":"","meta":[],"product_cat":[329,48],"product_tag":[],"_links":{"self":[{"href":"https:\/\/mlekpol.com.pl\/index.php\/wp-json\/wp\/v2\/product\/2295"}],"collection":[{"href":"https:\/\/mlekpol.com.pl\/index.php\/wp-json\/wp\/v2\/product"}],"about":[{"href":"https:\/\/mlekpol.com.pl\/index.php\/wp-json\/wp\/v2\/types\/product"}],"wp:featuredmedia":[{"embeddable":true,"href":"https:\/\/mlekpol.com.pl\/index.php\/wp-json\/wp\/v2\/media\/19426"}],"wp:attachment":[{"href":"https:\/\/mlekpol.com.pl\/index.php\/wp-json\/wp\/v2\/media?parent=2295"}],"wp:term":[{"taxonomy":"product_cat","embeddable":true,"href":"https:\/\/mlekpol.com.pl\/index.php\/wp-json\/wp\/v2\/product_cat?post=2295"},{"taxonomy":"product_tag","embeddable":true,"href":"https:\/\/mlekpol.com.pl\/index.php\/wp-json\/wp\/v2\/product_tag?post=2295"}],"curies":[{"name":"wp","href":"https:\/\/api.w.org\/{rel}","templated":true}]}}