
{"id":2290,"date":"2018-07-31T13:29:02","date_gmt":"2018-07-31T11:29:02","guid":{"rendered":"http:\/\/mlekpol.thinq.pl\/index.php\/produkt\/mleko-wiejskie-rolmlecz-32-karton\/"},"modified":"2024-05-23T22:56:26","modified_gmt":"2024-05-23T20:56:26","slug":"mleko-wiejskie-rolmlecz-32-karton","status":"publish","type":"product","link":"https:\/\/mlekpol.com.pl\/index.php\/produkt\/mleko-wiejskie-rolmlecz-32-karton\/","title":{"rendered":"Mleko Rolmlecz 3,2 % karton &#8211; 1 l"},"content":{"rendered":"<p>Prawdziwe wiejskie mleko. Mleko Rolmlecz to doskona\u0142e po\u0142\u0105czenie znakomitego smaku i w\u0142a\u015bciwo\u015bci od\u017cywczych. Si\u0142a tradycji i najwy\u017csza jako\u015b\u0107 polskiego mleka.<br \/>\nNatura w ka\u017cdej kropli. \u0179r\u00f3d\u0142o dobrze przyswajalnego wapnia i bia\u0142ka, bogactwo cennych witamin i sk\u0142adnik\u00f3w mineralnych.<\/p>\n","protected":false},"excerpt":{"rendered":"<p>Prawdziwe wiejskie mleko. Mleko Rolmlecz to doskona\u0142e po\u0142\u0105czenie znakomitego smaku i w\u0142a\u015bciwo\u015bci od\u017cywczych. Si\u0142a tradycji i najwy\u017csza jako\u015b\u0107 polskiego mleka. Natura w ka\u017cdej kropli. \u0179r\u00f3d\u0142o dobrze przyswajalnego wapnia i bia\u0142ka, bogactwo cennych witamin i sk\u0142adnik\u00f3w mineralnych.<\/p>\n","protected":false},"featured_media":23693,"template":"","meta":[],"product_cat":[16,109,27],"product_tag":[],"_links":{"self":[{"href":"https:\/\/mlekpol.com.pl\/index.php\/wp-json\/wp\/v2\/product\/2290"}],"collection":[{"href":"https:\/\/mlekpol.com.pl\/index.php\/wp-json\/wp\/v2\/product"}],"about":[{"href":"https:\/\/mlekpol.com.pl\/index.php\/wp-json\/wp\/v2\/types\/product"}],"wp:featuredmedia":[{"embeddable":true,"href":"https:\/\/mlekpol.com.pl\/index.php\/wp-json\/wp\/v2\/media\/23693"}],"wp:attachment":[{"href":"https:\/\/mlekpol.com.pl\/index.php\/wp-json\/wp\/v2\/media?parent=2290"}],"wp:term":[{"taxonomy":"product_cat","embeddable":true,"href":"https:\/\/mlekpol.com.pl\/index.php\/wp-json\/wp\/v2\/product_cat?post=2290"},{"taxonomy":"product_tag","embeddable":true,"href":"https:\/\/mlekpol.com.pl\/index.php\/wp-json\/wp\/v2\/product_tag?post=2290"}],"curies":[{"name":"wp","href":"https:\/\/api.w.org\/{rel}","templated":true}]}}