
{"id":2288,"date":"2018-07-31T13:29:01","date_gmt":"2018-07-31T11:29:01","guid":{"rendered":"http:\/\/mlekpol.thinq.pl\/index.php\/produkt\/mleko-mazurski-smak-32-karton\/"},"modified":"2023-04-13T18:12:11","modified_gmt":"2023-04-13T16:12:11","slug":"mleko-mazurski-smak-32-karton","status":"publish","type":"product","link":"https:\/\/mlekpol.com.pl\/index.php\/produkt\/mleko-mazurski-smak-32-karton\/","title":{"rendered":"Mleko Mazurski Smak 3,2 % karton &#8211; 1 l"},"content":{"rendered":"<p>Mleko Mazurski Smak zawdzi\u0119cza swoj\u0105 jako\u015b\u0107 i walory smakowe najlepszemu surowcowi: polskiemu mleku od kr\u00f3w wypasanych na zielonych \u0142\u0105kach Warmii i Mazur.<br \/>\nPyszne i \u015bwie\u017ce mazurskie naturalne mleko. \u0179r\u00f3d\u0142o dobrze przyswajalnego wapnia i bia\u0142ka, bogactwo cennych witamin i sk\u0142adnik\u00f3w mineralnych<\/p>\n","protected":false},"excerpt":{"rendered":"<p>Mleko Mazurski Smak zawdzi\u0119cza swoj\u0105 jako\u015b\u0107 i walory smakowe najlepszemu surowcowi: polskiemu mleku od kr\u00f3w wypasanych na zielonych \u0142\u0105kach Warmii i Mazur. Pyszne i \u015bwie\u017ce mazurskie naturalne mleko. \u0179r\u00f3d\u0142o dobrze przyswajalnego wapnia i bia\u0142ka, bogactwo cennych witamin i sk\u0142adnik\u00f3w mineralnych<\/p>\n","protected":false},"featured_media":23764,"template":"","meta":[],"product_cat":[105,16,27],"product_tag":[],"_links":{"self":[{"href":"https:\/\/mlekpol.com.pl\/index.php\/wp-json\/wp\/v2\/product\/2288"}],"collection":[{"href":"https:\/\/mlekpol.com.pl\/index.php\/wp-json\/wp\/v2\/product"}],"about":[{"href":"https:\/\/mlekpol.com.pl\/index.php\/wp-json\/wp\/v2\/types\/product"}],"wp:featuredmedia":[{"embeddable":true,"href":"https:\/\/mlekpol.com.pl\/index.php\/wp-json\/wp\/v2\/media\/23764"}],"wp:attachment":[{"href":"https:\/\/mlekpol.com.pl\/index.php\/wp-json\/wp\/v2\/media?parent=2288"}],"wp:term":[{"taxonomy":"product_cat","embeddable":true,"href":"https:\/\/mlekpol.com.pl\/index.php\/wp-json\/wp\/v2\/product_cat?post=2288"},{"taxonomy":"product_tag","embeddable":true,"href":"https:\/\/mlekpol.com.pl\/index.php\/wp-json\/wp\/v2\/product_tag?post=2288"}],"curies":[{"name":"wp","href":"https:\/\/api.w.org\/{rel}","templated":true}]}}