
{"id":2284,"date":"2018-07-31T13:29:00","date_gmt":"2018-07-31T11:29:00","guid":{"rendered":"http:\/\/mlekpol.thinq.pl\/index.php\/produkt\/mleko-laciate-swieze-32\/"},"modified":"2023-07-12T12:07:51","modified_gmt":"2023-07-12T10:07:51","slug":"mleko-laciate-swieze-32","status":"publish","type":"product","link":"https:\/\/mlekpol.com.pl\/index.php\/produkt\/mleko-laciate-swieze-32\/","title":{"rendered":"Mleko \u0141aciate \u015bwie\u017ce 3,2% &#8211; 1 l"},"content":{"rendered":"<p>Najwy\u017csza smakowito\u015b\u0107, pyszne polskie mleko. Mleko \u0141aciate \u015bwie\u017ce jest mikrofiltrowane i pasteryzowane. Dzi\u0119ki tej technologii otrzymujemy mleko pasteryzowane o sk\u0142adzie, w\u0142a\u015bciwo\u015bciach i cechach organoleptycznych nieznacznie r\u00f3\u017cni\u0105cych si\u0119 od mleka surowego. Proces mikrofiltracji nie wp\u0142ywa na smak i zapach produktu. Konsumenci mog\u0105 cieszy\u0107 si\u0119 smakiem i zapachem prawdziwego wiejskiego mleka.<\/p>\n","protected":false},"excerpt":{"rendered":"<p>Najwy\u017csza smakowito\u015b\u0107, pyszne polskie mleko. Mleko \u0141aciate \u015bwie\u017ce jest mikrofiltrowane i pasteryzowane. Dzi\u0119ki tej technologii otrzymujemy mleko pasteryzowane o sk\u0142adzie, w\u0142a\u015bciwo\u015bciach i cechach organoleptycznych nieznacznie r\u00f3\u017cni\u0105cych si\u0119 od mleka surowego. Proces mikrofiltracji nie wp\u0142ywa na smak i zapach produktu. Konsumenci mog\u0105 cieszy\u0107 si\u0119 smakiem i zapachem prawdziwego wiejskiego mleka.<\/p>\n","protected":false},"featured_media":23705,"template":"","meta":[],"product_cat":[16,27,48],"product_tag":[],"_links":{"self":[{"href":"https:\/\/mlekpol.com.pl\/index.php\/wp-json\/wp\/v2\/product\/2284"}],"collection":[{"href":"https:\/\/mlekpol.com.pl\/index.php\/wp-json\/wp\/v2\/product"}],"about":[{"href":"https:\/\/mlekpol.com.pl\/index.php\/wp-json\/wp\/v2\/types\/product"}],"wp:featuredmedia":[{"embeddable":true,"href":"https:\/\/mlekpol.com.pl\/index.php\/wp-json\/wp\/v2\/media\/23705"}],"wp:attachment":[{"href":"https:\/\/mlekpol.com.pl\/index.php\/wp-json\/wp\/v2\/media?parent=2284"}],"wp:term":[{"taxonomy":"product_cat","embeddable":true,"href":"https:\/\/mlekpol.com.pl\/index.php\/wp-json\/wp\/v2\/product_cat?post=2284"},{"taxonomy":"product_tag","embeddable":true,"href":"https:\/\/mlekpol.com.pl\/index.php\/wp-json\/wp\/v2\/product_tag?post=2284"}],"curies":[{"name":"wp","href":"https:\/\/api.w.org\/{rel}","templated":true}]}}