
{"id":2276,"date":"2018-07-31T13:28:57","date_gmt":"2018-07-31T11:28:57","guid":{"rendered":"http:\/\/mlekpol.thinq.pl\/index.php\/produkt\/mleko-uht-happy-barn-15\/"},"modified":"2023-04-13T18:43:35","modified_gmt":"2023-04-13T16:43:35","slug":"mleko-uht-happy-barn-15","status":"publish","type":"product","link":"https:\/\/mlekpol.com.pl\/index.php\/produkt\/mleko-uht-happy-barn-15\/","title":{"rendered":"Mleko UHT Happy Barn 1,5% &#8211; 1 l"},"content":{"rendered":"<p>Happy Barn to marka mleka dedykowana zagranicznym odbiorcom. To mleko UHT najwy\u017cszej jako\u015bci. Pochodzi od kr\u00f3w wypasanych na najczystszych \u0142\u0105kach Polski, nie ska\u017conych przemys\u0142em ci\u0119\u017ckim. Pe\u0142nowarto\u015bciowy, naturalny produkt o wyj\u0105tkowo kremowym smaku od kr\u00f3w skarmianych paszami bez GMO. Jako ka\u017cde mleko od SM Mlekpol Happy Barn to \u017ar\u00f3d\u0142o dobrze przyswajalnego wapnia i bia\u0142ka, bogactwo cennych witamin i sk\u0142adnik\u00f3w mineralnych.<br \/>\nPojemno\u015b\u0107 1 l<\/p>\n","protected":false},"excerpt":{"rendered":"<p>Happy Barn to marka mleka dedykowana zagranicznym odbiorcom. To mleko UHT najwy\u017cszej jako\u015bci. Pochodzi od kr\u00f3w wypasanych na najczystszych \u0142\u0105kach Polski, nie ska\u017conych przemys\u0142em ci\u0119\u017ckim. Pe\u0142nowarto\u015bciowy, naturalny produkt o wyj\u0105tkowo kremowym smaku od kr\u00f3w skarmianych paszami bez GMO. Jako ka\u017cde mleko od SM Mlekpol Happy Barn to \u017ar\u00f3d\u0142o dobrze przyswajalnego wapnia i bia\u0142ka, bogactwo cennych [&hellip;]<\/p>\n","protected":false},"featured_media":3484,"template":"","meta":[],"product_cat":[315,16,25],"product_tag":[],"_links":{"self":[{"href":"https:\/\/mlekpol.com.pl\/index.php\/wp-json\/wp\/v2\/product\/2276"}],"collection":[{"href":"https:\/\/mlekpol.com.pl\/index.php\/wp-json\/wp\/v2\/product"}],"about":[{"href":"https:\/\/mlekpol.com.pl\/index.php\/wp-json\/wp\/v2\/types\/product"}],"wp:featuredmedia":[{"embeddable":true,"href":"https:\/\/mlekpol.com.pl\/index.php\/wp-json\/wp\/v2\/media\/3484"}],"wp:attachment":[{"href":"https:\/\/mlekpol.com.pl\/index.php\/wp-json\/wp\/v2\/media?parent=2276"}],"wp:term":[{"taxonomy":"product_cat","embeddable":true,"href":"https:\/\/mlekpol.com.pl\/index.php\/wp-json\/wp\/v2\/product_cat?post=2276"},{"taxonomy":"product_tag","embeddable":true,"href":"https:\/\/mlekpol.com.pl\/index.php\/wp-json\/wp\/v2\/product_tag?post=2276"}],"curies":[{"name":"wp","href":"https:\/\/api.w.org\/{rel}","templated":true}]}}