
{"id":2266,"date":"2018-07-31T13:28:53","date_gmt":"2018-07-31T11:28:53","guid":{"rendered":"http:\/\/mlekpol.thinq.pl\/index.php\/produkt\/mleko-uht-zageszczone-laciate-2\/"},"modified":"2023-04-13T18:58:36","modified_gmt":"2023-04-13T16:58:36","slug":"mleko-uht-zageszczone-laciate-2","status":"publish","type":"product","link":"https:\/\/mlekpol.com.pl\/index.php\/produkt\/mleko-uht-zageszczone-laciate-2\/","title":{"rendered":"Mleko UHT zag\u0119szczone \u0141aciate &#8211; 500 ml"},"content":{"rendered":"<p>Pyszne mleko zag\u0119szczone \u2013 naturalnie s\u0142odkie, o kremowej, aksamitnej konsystencji. Idealne do kawy: wydobywa jej aromat, subtelnie podkre\u015bla smak, wzbogacaj\u0105c go delikatn\u0105 mleczn\u0105 nut\u0105. Zawarto\u015b\u0107 t\u0142uszczu 7,5%.<br \/>\nWystarczy kropla \u0141aciatego zag\u0119szczonego, \u017ceby zwyk\u0142\u0105 fili\u017cank\u0119 kawy zamieni\u0107 w aromatyczny eliksir. Doskona\u0142e \u017ar\u00f3d\u0142o wapnia i bia\u0142ka, bogactwo cennych witamin i sk\u0142adnik\u00f3w mineralnych.<\/p>\n","protected":false},"excerpt":{"rendered":"<p>Pyszne mleko zag\u0119szczone \u2013 naturalnie s\u0142odkie, o kremowej, aksamitnej konsystencji. Idealne do kawy: wydobywa jej aromat, subtelnie podkre\u015bla smak, wzbogacaj\u0105c go delikatn\u0105 mleczn\u0105 nut\u0105. Zawarto\u015b\u0107 t\u0142uszczu 7,5%. Wystarczy kropla \u0141aciatego zag\u0119szczonego, \u017ceby zwyk\u0142\u0105 fili\u017cank\u0119 kawy zamieni\u0107 w aromatyczny eliksir. Doskona\u0142e \u017ar\u00f3d\u0142o wapnia i bia\u0142ka, bogactwo cennych witamin i sk\u0142adnik\u00f3w mineralnych.<\/p>\n","protected":false},"featured_media":24561,"template":"","meta":[],"product_cat":[16,28,48],"product_tag":[],"_links":{"self":[{"href":"https:\/\/mlekpol.com.pl\/index.php\/wp-json\/wp\/v2\/product\/2266"}],"collection":[{"href":"https:\/\/mlekpol.com.pl\/index.php\/wp-json\/wp\/v2\/product"}],"about":[{"href":"https:\/\/mlekpol.com.pl\/index.php\/wp-json\/wp\/v2\/types\/product"}],"wp:featuredmedia":[{"embeddable":true,"href":"https:\/\/mlekpol.com.pl\/index.php\/wp-json\/wp\/v2\/media\/24561"}],"wp:attachment":[{"href":"https:\/\/mlekpol.com.pl\/index.php\/wp-json\/wp\/v2\/media?parent=2266"}],"wp:term":[{"taxonomy":"product_cat","embeddable":true,"href":"https:\/\/mlekpol.com.pl\/index.php\/wp-json\/wp\/v2\/product_cat?post=2266"},{"taxonomy":"product_tag","embeddable":true,"href":"https:\/\/mlekpol.com.pl\/index.php\/wp-json\/wp\/v2\/product_tag?post=2266"}],"curies":[{"name":"wp","href":"https:\/\/api.w.org\/{rel}","templated":true}]}}