
{"id":2262,"date":"2018-07-31T13:28:52","date_gmt":"2018-07-31T11:28:52","guid":{"rendered":"http:\/\/mlekpol.thinq.pl\/index.php\/produkt\/mleko-uht-mleczarnia-32\/"},"modified":"2023-04-13T19:01:04","modified_gmt":"2023-04-13T17:01:04","slug":"mleko-uht-mleczarnia-32","status":"publish","type":"product","link":"https:\/\/mlekpol.com.pl\/index.php\/produkt\/mleko-uht-mleczarnia-32\/","title":{"rendered":"Mleko UHT Mleczarnia 3,2% &#8211; 1 l"},"content":{"rendered":"<p>Najwy\u017csza jako\u015b\u0107 i doskona\u0142y smak \u2013 polskie mleko od kr\u00f3w skarmianych paszami bez GMO. Naturalne \u017ar\u00f3d\u0142o dobrze przyswajalnego wapnia i bia\u0142ka. Mleczarnia to linia produkt\u00f3w Mlekpol dla kana\u0142u HoReCa. Wyr\u00f3\u017cniaj\u0105 j\u0105 charakterystyczne, opakowania w kratk\u0119. Od marek premium r\u00f3\u017cni je forma opakowania \u2013 kartony bez zakr\u0119tki oraz cena dedykowana specjalnie zbiorowemu \u017cywieniu.<br \/>\nPojemno\u015b\u0107 1 l<\/p>\n","protected":false},"excerpt":{"rendered":"<p>Najwy\u017csza jako\u015b\u0107 i doskona\u0142y smak \u2013 polskie mleko od kr\u00f3w skarmianych paszami bez GMO. Naturalne \u017ar\u00f3d\u0142o dobrze przyswajalnego wapnia i bia\u0142ka. Mleczarnia to linia produkt\u00f3w Mlekpol dla kana\u0142u HoReCa. Wyr\u00f3\u017cniaj\u0105 j\u0105 charakterystyczne, opakowania w kratk\u0119. Od marek premium r\u00f3\u017cni je forma opakowania \u2013 kartony bez zakr\u0119tki oraz cena dedykowana specjalnie zbiorowemu \u017cywieniu. Pojemno\u015b\u0107 1 l<\/p>\n","protected":false},"featured_media":3456,"template":"","meta":[],"product_cat":[999,556,16,25],"product_tag":[],"_links":{"self":[{"href":"https:\/\/mlekpol.com.pl\/index.php\/wp-json\/wp\/v2\/product\/2262"}],"collection":[{"href":"https:\/\/mlekpol.com.pl\/index.php\/wp-json\/wp\/v2\/product"}],"about":[{"href":"https:\/\/mlekpol.com.pl\/index.php\/wp-json\/wp\/v2\/types\/product"}],"wp:featuredmedia":[{"embeddable":true,"href":"https:\/\/mlekpol.com.pl\/index.php\/wp-json\/wp\/v2\/media\/3456"}],"wp:attachment":[{"href":"https:\/\/mlekpol.com.pl\/index.php\/wp-json\/wp\/v2\/media?parent=2262"}],"wp:term":[{"taxonomy":"product_cat","embeddable":true,"href":"https:\/\/mlekpol.com.pl\/index.php\/wp-json\/wp\/v2\/product_cat?post=2262"},{"taxonomy":"product_tag","embeddable":true,"href":"https:\/\/mlekpol.com.pl\/index.php\/wp-json\/wp\/v2\/product_tag?post=2262"}],"curies":[{"name":"wp","href":"https:\/\/api.w.org\/{rel}","templated":true}]}}