
{"id":2257,"date":"2018-07-31T13:28:50","date_gmt":"2018-07-31T11:28:50","guid":{"rendered":"http:\/\/mlekpol.thinq.pl\/index.php\/produkt\/mleko-uht-zambrowskie-32\/"},"modified":"2024-06-14T10:48:18","modified_gmt":"2024-06-14T08:48:18","slug":"mleko-uht-zambrowskie-32","status":"publish","type":"product","link":"https:\/\/mlekpol.com.pl\/index.php\/produkt\/mleko-uht-zambrowskie-32\/","title":{"rendered":"Mleko UHT Zambrowskie 3,2% &#8211; 1 l"},"content":{"rendered":"<p>Znakomite polskie mleko od kr\u00f3w wypasanych na najczystszych \u0142\u0105kach Podlasia. Powsta\u0142o w zgodzie z natur\u0105 i tradycj\u0105. Zambrowskie \u2013 mleko z rodowodem. Smak doceniany przez rodziny. \u0179r\u00f3d\u0142o wapnia i bia\u0142ka dla zdrowych z\u0119b\u00f3w, mocnych ko\u015bci i dobrej kondycji.<\/p>\n","protected":false},"excerpt":{"rendered":"<p>Znakomite polskie mleko od kr\u00f3w wypasanych na najczystszych \u0142\u0105kach Podlasia. Powsta\u0142o w zgodzie z natur\u0105 i tradycj\u0105. Zambrowskie \u2013 mleko z rodowodem. Smak doceniany przez rodziny. \u0179r\u00f3d\u0142o wapnia i bia\u0142ka dla zdrowych z\u0119b\u00f3w, mocnych ko\u015bci i dobrej kondycji.<\/p>\n","protected":false},"featured_media":27625,"template":"","meta":[],"product_cat":[16,25,150],"product_tag":[],"_links":{"self":[{"href":"https:\/\/mlekpol.com.pl\/index.php\/wp-json\/wp\/v2\/product\/2257"}],"collection":[{"href":"https:\/\/mlekpol.com.pl\/index.php\/wp-json\/wp\/v2\/product"}],"about":[{"href":"https:\/\/mlekpol.com.pl\/index.php\/wp-json\/wp\/v2\/types\/product"}],"wp:featuredmedia":[{"embeddable":true,"href":"https:\/\/mlekpol.com.pl\/index.php\/wp-json\/wp\/v2\/media\/27625"}],"wp:attachment":[{"href":"https:\/\/mlekpol.com.pl\/index.php\/wp-json\/wp\/v2\/media?parent=2257"}],"wp:term":[{"taxonomy":"product_cat","embeddable":true,"href":"https:\/\/mlekpol.com.pl\/index.php\/wp-json\/wp\/v2\/product_cat?post=2257"},{"taxonomy":"product_tag","embeddable":true,"href":"https:\/\/mlekpol.com.pl\/index.php\/wp-json\/wp\/v2\/product_tag?post=2257"}],"curies":[{"name":"wp","href":"https:\/\/api.w.org\/{rel}","templated":true}]}}