
{"id":2242,"date":"2018-07-31T13:28:44","date_gmt":"2018-07-31T11:28:44","guid":{"rendered":"http:\/\/mlekpol.thinq.pl\/index.php\/produkt\/mleko-uht-laciate-junior-38\/"},"modified":"2023-07-12T12:11:56","modified_gmt":"2023-07-12T10:11:56","slug":"mleko-uht-laciate-junior-38","status":"publish","type":"product","link":"https:\/\/mlekpol.com.pl\/index.php\/produkt\/mleko-uht-laciate-junior-38\/","title":{"rendered":"Mleko UHT \u0141aciate Junior 3,8% &#8211; 1 l"},"content":{"rendered":"<p>Z my\u015bl\u0105 o dzieciach i ich zwi\u0119kszonym zapotrzebowaniu na sk\u0142adniki od\u017cywcze powsta\u0142o wyj\u0105tkowe mleko \u0141aciate Junior o zawarto\u015bci t\u0142uszczu 3,8%. To najbardziej zbli\u017cone mleko do tego \u201eprosto od krowy\u201d. Doskona\u0142e \u017ar\u00f3d\u0142o wapnia i bia\u0142ka, bogactwo cennych witamin i sk\u0142adnik\u00f3w mineralnych.<\/p>\n","protected":false},"excerpt":{"rendered":"<p>Z my\u015bl\u0105 o dzieciach i ich zwi\u0119kszonym zapotrzebowaniu na sk\u0142adniki od\u017cywcze powsta\u0142o wyj\u0105tkowe mleko \u0141aciate Junior o zawarto\u015bci t\u0142uszczu 3,8%. To najbardziej zbli\u017cone mleko do tego \u201eprosto od krowy\u201d. Doskona\u0142e \u017ar\u00f3d\u0142o wapnia i bia\u0142ka, bogactwo cennych witamin i sk\u0142adnik\u00f3w mineralnych.<\/p>\n","protected":false},"featured_media":20778,"template":"","meta":[],"product_cat":[16,25,48],"product_tag":[],"_links":{"self":[{"href":"https:\/\/mlekpol.com.pl\/index.php\/wp-json\/wp\/v2\/product\/2242"}],"collection":[{"href":"https:\/\/mlekpol.com.pl\/index.php\/wp-json\/wp\/v2\/product"}],"about":[{"href":"https:\/\/mlekpol.com.pl\/index.php\/wp-json\/wp\/v2\/types\/product"}],"wp:featuredmedia":[{"embeddable":true,"href":"https:\/\/mlekpol.com.pl\/index.php\/wp-json\/wp\/v2\/media\/20778"}],"wp:attachment":[{"href":"https:\/\/mlekpol.com.pl\/index.php\/wp-json\/wp\/v2\/media?parent=2242"}],"wp:term":[{"taxonomy":"product_cat","embeddable":true,"href":"https:\/\/mlekpol.com.pl\/index.php\/wp-json\/wp\/v2\/product_cat?post=2242"},{"taxonomy":"product_tag","embeddable":true,"href":"https:\/\/mlekpol.com.pl\/index.php\/wp-json\/wp\/v2\/product_tag?post=2242"}],"curies":[{"name":"wp","href":"https:\/\/api.w.org\/{rel}","templated":true}]}}