
{"id":22308,"date":"2021-10-07T11:42:15","date_gmt":"2021-10-07T09:42:15","guid":{"rendered":"https:\/\/mlekpol.com.pl?post_type=product&#038;p=22308"},"modified":"2022-12-06T11:11:45","modified_gmt":"2022-12-06T10:11:45","slug":"idealna-do-ubijania-smietanka-laciata-30-pasteryzowana-nowosc","status":"publish","type":"product","link":"https:\/\/mlekpol.com.pl\/index.php\/produkt\/idealna-do-ubijania-smietanka-laciata-30-pasteryzowana-nowosc\/","title":{"rendered":"\u015amietanka \u0141aciata 30% pasteryzowana"},"content":{"rendered":"<p>\u015amietanka dost\u0119pna w\u00a0praktycznym\u00a0kubeczku 200 ml, \u00a0jest wygodna w u\u017cyciu, doskona\u0142a do wszechstronnego wykorzystania w\u00a0kuchni, zar\u00f3wno w daniach na zimno, jak i na ciep\u0142o, w\u00a0kt\u00f3rych nie warzy si\u0119 i nie rozwarstwia. To znakomity no\u015bnik smaku, nadaj\u0105cy potrawom idealn\u0105 konsystencj\u0119. \u015amietanka z wysok\u0105 zawarto\u015bci\u0105 t\u0142uszczu dobrze si\u0119 ubija. Jest trwa\u0142a, wi\u0119c stanie si\u0119 niepowtarzaln\u0105 baz\u0105 krem\u00f3w, dodatkiem do deser\u00f3w, ale tak\u017ce kremowym uzupe\u0142nieniem da\u0144 wytrawnych. Produkt jest bezglutenowy i odpowiedni dla wegetarian. Zawiera m.in. witamin\u0119 A, witamin\u0119 B12, wap\u0144 oraz fosfor.<\/p>\n<p>Jak powstaje \u0142aciata nowo\u015b\u0107? Przede wszystkim z polskiego mleka najwy\u017cszej jako\u015bci. W\u00a0procesie produkcji \u015bmietanka poddawana jest pasteryzacji. Produkt przechowuje si\u0119 w\u00a0ch\u0142odzie, a po otwarciu nale\u017cy spo\u017cy\u0107 go w ci\u0105gu 24 godzin. Dzi\u0119ki temu zachowuje w\u0142a\u015bciwo\u015bci, kt\u00f3re czyni\u0105 go wygodnym i wszechstronnym produktem w kuchni.<\/p>\n","protected":false},"excerpt":{"rendered":"<p>\u015amietanka dost\u0119pna w\u00a0praktycznym\u00a0kubeczku 200 ml, \u00a0jest wygodna w u\u017cyciu, doskona\u0142a do wszechstronnego wykorzystania w\u00a0kuchni, zar\u00f3wno w daniach na zimno, jak i na ciep\u0142o, w\u00a0kt\u00f3rych nie warzy si\u0119 i nie rozwarstwia. To znakomity no\u015bnik smaku, nadaj\u0105cy potrawom idealn\u0105 konsystencj\u0119. \u015amietanka z wysok\u0105 zawarto\u015bci\u0105 t\u0142uszczu dobrze si\u0119 ubija. Jest trwa\u0142a, wi\u0119c stanie si\u0119 niepowtarzaln\u0105 baz\u0105 krem\u00f3w, dodatkiem [&hellip;]<\/p>\n","protected":false},"featured_media":22309,"template":"","meta":[],"product_cat":[329,48],"product_tag":[],"_links":{"self":[{"href":"https:\/\/mlekpol.com.pl\/index.php\/wp-json\/wp\/v2\/product\/22308"}],"collection":[{"href":"https:\/\/mlekpol.com.pl\/index.php\/wp-json\/wp\/v2\/product"}],"about":[{"href":"https:\/\/mlekpol.com.pl\/index.php\/wp-json\/wp\/v2\/types\/product"}],"wp:featuredmedia":[{"embeddable":true,"href":"https:\/\/mlekpol.com.pl\/index.php\/wp-json\/wp\/v2\/media\/22309"}],"wp:attachment":[{"href":"https:\/\/mlekpol.com.pl\/index.php\/wp-json\/wp\/v2\/media?parent=22308"}],"wp:term":[{"taxonomy":"product_cat","embeddable":true,"href":"https:\/\/mlekpol.com.pl\/index.php\/wp-json\/wp\/v2\/product_cat?post=22308"},{"taxonomy":"product_tag","embeddable":true,"href":"https:\/\/mlekpol.com.pl\/index.php\/wp-json\/wp\/v2\/product_tag?post=22308"}],"curies":[{"name":"wp","href":"https:\/\/api.w.org\/{rel}","templated":true}]}}