
{"id":22218,"date":"2021-09-08T14:38:15","date_gmt":"2021-09-08T12:38:15","guid":{"rendered":"https:\/\/mlekpol.com.pl?post_type=product&#038;p=22218"},"modified":"2023-04-14T10:48:18","modified_gmt":"2023-04-14T08:48:18","slug":"mozzarella-tarta","status":"publish","type":"product","link":"https:\/\/mlekpol.com.pl\/index.php\/produkt\/mozzarella-tarta\/","title":{"rendered":"Ser Mozzarella &#8211; tarty &#8211; 500 g"},"content":{"rendered":"<p>Ser Mozzarella tarty XXL 500 g to ser pyszny i u\u017cyteczny, nale\u017c\u0105cy do ser\u00f3w niedojrzewaj\u0105cych typu pasta filata. Dzi\u0119ki temu po zapiekaniu ser ci\u0105gnie si\u0119 i rumieni. To pe\u0142nowarto\u015bciowa i smaczna podstawa posi\u0142ku. \u0179r\u00f3d\u0142o witamin B2, B12 oraz witaminy A, a tak\u017ce naturalnie wyst\u0119puj\u0105cych minera\u0142\u00f3w: wapnia, cynku i potasu.<\/p>\n<p>Sery typu w\u0142oskiego jak sery Mozzarella Mlekpol, idealnie komponuj\u0105 si\u0119 z makaronami i zapiekankami. Pasuj\u0105 do pizzy i tost\u00f3w.<\/p>\n","protected":false},"excerpt":{"rendered":"<p>Ser Mozzarella tarty XXL 500 g to ser pyszny i u\u017cyteczny, nale\u017c\u0105cy do ser\u00f3w niedojrzewaj\u0105cych typu pasta filata. Dzi\u0119ki temu po zapiekaniu ser ci\u0105gnie si\u0119 i rumieni. To pe\u0142nowarto\u015bciowa i smaczna podstawa posi\u0142ku. \u0179r\u00f3d\u0142o witamin B2, B12 oraz witaminy A, a tak\u017ce naturalnie wyst\u0119puj\u0105cych minera\u0142\u00f3w: wapnia, cynku i potasu. Sery typu w\u0142oskiego jak sery Mozzarella [&hellip;]<\/p>\n","protected":false},"featured_media":24285,"template":"","meta":[],"product_cat":[179,558,1231,24,1215],"product_tag":[],"_links":{"self":[{"href":"https:\/\/mlekpol.com.pl\/index.php\/wp-json\/wp\/v2\/product\/22218"}],"collection":[{"href":"https:\/\/mlekpol.com.pl\/index.php\/wp-json\/wp\/v2\/product"}],"about":[{"href":"https:\/\/mlekpol.com.pl\/index.php\/wp-json\/wp\/v2\/types\/product"}],"wp:featuredmedia":[{"embeddable":true,"href":"https:\/\/mlekpol.com.pl\/index.php\/wp-json\/wp\/v2\/media\/24285"}],"wp:attachment":[{"href":"https:\/\/mlekpol.com.pl\/index.php\/wp-json\/wp\/v2\/media?parent=22218"}],"wp:term":[{"taxonomy":"product_cat","embeddable":true,"href":"https:\/\/mlekpol.com.pl\/index.php\/wp-json\/wp\/v2\/product_cat?post=22218"},{"taxonomy":"product_tag","embeddable":true,"href":"https:\/\/mlekpol.com.pl\/index.php\/wp-json\/wp\/v2\/product_tag?post=22218"}],"curies":[{"name":"wp","href":"https:\/\/api.w.org\/{rel}","templated":true}]}}