
{"id":21858,"date":"2021-04-29T13:29:06","date_gmt":"2021-04-29T11:29:06","guid":{"rendered":"https:\/\/mlekpol.com.pl?post_type=product&#038;p=21858"},"modified":"2021-12-06T11:40:51","modified_gmt":"2021-12-06T10:40:51","slug":"ser-rolmlecz-salami-plastry","status":"publish","type":"product","link":"https:\/\/mlekpol.com.pl\/index.php\/produkt\/ser-rolmlecz-salami-plastry\/","title":{"rendered":"Ser Rolmlecz salami plastry"},"content":{"rendered":"<p>Ser salami Rolmlecz to ser dojrzewaj\u0105cy wyprodukowany z polskiego mleka najwy\u017cszej jako\u015bci. Ten gatunek sera przypadnie do gustu wszystkim cz\u0142onkom rodziny, bo jego smak jest bardzo delikatny, a\u00a0\u0142agodny wyczuwalny akcent i niemal aksamitna konsystencja sprawiaj\u0105, \u017ce kanapki, grzanki i\u00a0zapiekanki z serem salami ciesz\u0105 si\u0119 ogromn\u0105 popularno\u015bci\u0105. R\u00f3wnie dobrze sprawdzi si\u0119 tak\u017ce jako przek\u0105ska koktajlowa na desk\u0119 ser\u00f3w. Ser salami Rolmlecz w plastrach dost\u0119pny jest w wygodnym 150 g opakowaniu z systemem otw\u00f3rz-zamknij, dzi\u0119ki kt\u00f3remu produkt d\u0142u\u017cej utrzymuje \u015bwie\u017co\u015b\u0107.<\/p>\n","protected":false},"excerpt":{"rendered":"<p>Ser salami Rolmlecz to ser dojrzewaj\u0105cy wyprodukowany z polskiego mleka najwy\u017cszej jako\u015bci. Ten gatunek sera przypadnie do gustu wszystkim cz\u0142onkom rodziny, bo jego smak jest bardzo delikatny, a\u00a0\u0142agodny wyczuwalny akcent i niemal aksamitna konsystencja sprawiaj\u0105, \u017ce kanapki, grzanki i\u00a0zapiekanki z serem salami ciesz\u0105 si\u0119 ogromn\u0105 popularno\u015bci\u0105. R\u00f3wnie dobrze sprawdzi si\u0119 tak\u017ce jako przek\u0105ska koktajlowa na [&hellip;]<\/p>\n","protected":false},"featured_media":21859,"template":"","meta":[],"product_cat":[179,1209,109,24],"product_tag":[],"_links":{"self":[{"href":"https:\/\/mlekpol.com.pl\/index.php\/wp-json\/wp\/v2\/product\/21858"}],"collection":[{"href":"https:\/\/mlekpol.com.pl\/index.php\/wp-json\/wp\/v2\/product"}],"about":[{"href":"https:\/\/mlekpol.com.pl\/index.php\/wp-json\/wp\/v2\/types\/product"}],"wp:featuredmedia":[{"embeddable":true,"href":"https:\/\/mlekpol.com.pl\/index.php\/wp-json\/wp\/v2\/media\/21859"}],"wp:attachment":[{"href":"https:\/\/mlekpol.com.pl\/index.php\/wp-json\/wp\/v2\/media?parent=21858"}],"wp:term":[{"taxonomy":"product_cat","embeddable":true,"href":"https:\/\/mlekpol.com.pl\/index.php\/wp-json\/wp\/v2\/product_cat?post=21858"},{"taxonomy":"product_tag","embeddable":true,"href":"https:\/\/mlekpol.com.pl\/index.php\/wp-json\/wp\/v2\/product_tag?post=21858"}],"curies":[{"name":"wp","href":"https:\/\/api.w.org\/{rel}","templated":true}]}}