
{"id":21843,"date":"2021-04-26T15:28:19","date_gmt":"2021-04-26T13:28:19","guid":{"rendered":"https:\/\/mlekpol.com.pl?post_type=product&#038;p=21843"},"modified":"2023-04-13T13:29:41","modified_gmt":"2023-04-13T11:29:41","slug":"mleko-laciate-bez-laktozy-2-pet","status":"publish","type":"product","link":"https:\/\/mlekpol.com.pl\/index.php\/produkt\/mleko-laciate-bez-laktozy-2-pet\/","title":{"rendered":"Mleko \u0141aciate bez laktozy 2%  PET &#8211; 1 l"},"content":{"rendered":"<p>Mleko \u015bwie\u017ce \u0141aciate bez laktozy o zawarto\u015bci t\u0142uszczu 2% to idealny nap\u00f3j dla os\u00f3b z\u00a0nietolerancj\u0105 pokarmow\u0105 cukru mlecznego. Dzi\u0119ki specjalnemu procesowi usuwania i\u00a0rozk\u0142adania laktozy na cukry proste sprawia, \u017ce smak prawdziwego mleka i jego warto\u015bci pozostaj\u0105 bez zmian. Jest doskona\u0142ym \u017ar\u00f3d\u0142em wapnia i bia\u0142ka. Mleko \u0141aciate \u015bwie\u017ce bez laktozy dost\u0119pne jest w litrowej butelce, jej fioletowa zakr\u0119tka oraz kolorystyka etykiety u\u0142atwi\u0105 identyfikacj\u0119 produktu. Mleko \u015bwie\u017ce nale\u017cy przechowywa\u0107 w\u00a0warunkach ch\u0142odniczych.<\/p>\n<p><strong>\u00a0<\/strong><\/p>\n","protected":false},"excerpt":{"rendered":"<p>Mleko \u015bwie\u017ce \u0141aciate bez laktozy o zawarto\u015bci t\u0142uszczu 2% to idealny nap\u00f3j dla os\u00f3b z\u00a0nietolerancj\u0105 pokarmow\u0105 cukru mlecznego. Dzi\u0119ki specjalnemu procesowi usuwania i\u00a0rozk\u0142adania laktozy na cukry proste sprawia, \u017ce smak prawdziwego mleka i jego warto\u015bci pozostaj\u0105 bez zmian. Jest doskona\u0142ym \u017ar\u00f3d\u0142em wapnia i bia\u0142ka. Mleko \u0141aciate \u015bwie\u017ce bez laktozy dost\u0119pne jest w litrowej butelce, jej [&hellip;]<\/p>\n","protected":false},"featured_media":23703,"template":"","meta":[],"product_cat":[327,16,27,48],"product_tag":[],"_links":{"self":[{"href":"https:\/\/mlekpol.com.pl\/index.php\/wp-json\/wp\/v2\/product\/21843"}],"collection":[{"href":"https:\/\/mlekpol.com.pl\/index.php\/wp-json\/wp\/v2\/product"}],"about":[{"href":"https:\/\/mlekpol.com.pl\/index.php\/wp-json\/wp\/v2\/types\/product"}],"wp:featuredmedia":[{"embeddable":true,"href":"https:\/\/mlekpol.com.pl\/index.php\/wp-json\/wp\/v2\/media\/23703"}],"wp:attachment":[{"href":"https:\/\/mlekpol.com.pl\/index.php\/wp-json\/wp\/v2\/media?parent=21843"}],"wp:term":[{"taxonomy":"product_cat","embeddable":true,"href":"https:\/\/mlekpol.com.pl\/index.php\/wp-json\/wp\/v2\/product_cat?post=21843"},{"taxonomy":"product_tag","embeddable":true,"href":"https:\/\/mlekpol.com.pl\/index.php\/wp-json\/wp\/v2\/product_tag?post=21843"}],"curies":[{"name":"wp","href":"https:\/\/api.w.org\/{rel}","templated":true}]}}