
{"id":21801,"date":"2021-04-22T13:48:39","date_gmt":"2021-04-22T11:48:39","guid":{"rendered":"https:\/\/mlekpol.com.pl?post_type=product&#038;p=21801"},"modified":"2023-04-13T13:30:29","modified_gmt":"2023-04-13T11:30:29","slug":"mleko-rolmlecz-swieze-32","status":"publish","type":"product","link":"https:\/\/mlekpol.com.pl\/index.php\/produkt\/mleko-rolmlecz-swieze-32\/","title":{"rendered":"Mleko Rolmlecz \u015bwie\u017ce 3,2% &#8211; 1 l"},"content":{"rendered":"<p>Mleko \u015bwie\u017ce 3,2% Rolmlecz, to mleko najwy\u017cszej jako\u015bci, pozyskiwane od kr\u00f3w pas\u0105cych si\u0119 w\u00a0najczystszych rejonach Polski. Sekret jego niepowtarzalnego smaku tkwi w naturze. Polacy doceniaj\u0105 to \u017ar\u00f3d\u0142o dobrze przyswajalnego wapnia i bia\u0142ka, bogactwo cennych witamin i sk\u0142adnik\u00f3w mineralnych.\u00a0Znakomicie nadaje si\u0119 bezpo\u015brednio do picia, a tak\u017ce jako niezast\u0105piony dodatek: do ulubionego \u015bniadania dzieci, czyli mleka z p\u0142atkami, do przygotowania kakao, ale tak\u017ce jako sk\u0142adnik ciast, deser\u00f3w, koktajli i da\u0144 wytrawnych.\u00a0Produkt dost\u0119pny w litrowej butelce jest wygodny w\u00a0u\u017cytkowaniu i przechowywaniu.<\/p>\n","protected":false},"excerpt":{"rendered":"<p>Mleko \u015bwie\u017ce 3,2% Rolmlecz, to mleko najwy\u017cszej jako\u015bci, pozyskiwane od kr\u00f3w pas\u0105cych si\u0119 w\u00a0najczystszych rejonach Polski. Sekret jego niepowtarzalnego smaku tkwi w naturze. Polacy doceniaj\u0105 to \u017ar\u00f3d\u0142o dobrze przyswajalnego wapnia i bia\u0142ka, bogactwo cennych witamin i sk\u0142adnik\u00f3w mineralnych.\u00a0Znakomicie nadaje si\u0119 bezpo\u015brednio do picia, a tak\u017ce jako niezast\u0105piony dodatek: do ulubionego \u015bniadania dzieci, czyli mleka z [&hellip;]<\/p>\n","protected":false},"featured_media":21812,"template":"","meta":[],"product_cat":[16,109,27],"product_tag":[],"_links":{"self":[{"href":"https:\/\/mlekpol.com.pl\/index.php\/wp-json\/wp\/v2\/product\/21801"}],"collection":[{"href":"https:\/\/mlekpol.com.pl\/index.php\/wp-json\/wp\/v2\/product"}],"about":[{"href":"https:\/\/mlekpol.com.pl\/index.php\/wp-json\/wp\/v2\/types\/product"}],"wp:featuredmedia":[{"embeddable":true,"href":"https:\/\/mlekpol.com.pl\/index.php\/wp-json\/wp\/v2\/media\/21812"}],"wp:attachment":[{"href":"https:\/\/mlekpol.com.pl\/index.php\/wp-json\/wp\/v2\/media?parent=21801"}],"wp:term":[{"taxonomy":"product_cat","embeddable":true,"href":"https:\/\/mlekpol.com.pl\/index.php\/wp-json\/wp\/v2\/product_cat?post=21801"},{"taxonomy":"product_tag","embeddable":true,"href":"https:\/\/mlekpol.com.pl\/index.php\/wp-json\/wp\/v2\/product_tag?post=21801"}],"curies":[{"name":"wp","href":"https:\/\/api.w.org\/{rel}","templated":true}]}}