
{"id":21782,"date":"2021-04-22T13:44:10","date_gmt":"2021-04-22T11:44:10","guid":{"rendered":"https:\/\/mlekpol.com.pl?post_type=product&#038;p=21782"},"modified":"2021-05-06T12:05:08","modified_gmt":"2021-05-06T10:05:08","slug":"ser-rolmlecz-gouda-plastry","status":"publish","type":"product","link":"https:\/\/mlekpol.com.pl\/index.php\/produkt\/ser-rolmlecz-gouda-plastry\/","title":{"rendered":"Ser Rolmlecz gouda plastry"},"content":{"rendered":"<p>Ser gouda to jeden z najpopularniejszych w Polsce rodzaj\u00f3w sera \u017c\u00f3\u0142tego. Ten podpuszczkowy ser typu holenderskiego ma \u0142agodny smak z charakterystyczn\u0105 wytrawn\u0105 nut\u0105, dzi\u0119ki czemu ser ma uniwersalne kulinarne zastosowania. Sprawdzi si\u0119 jako przek\u0105ska, dodatek do deski ser\u00f3w, b\u0119dzie znakomicie smakowa\u0142 na kanapkach, ale tak\u017ce jako sk\u0142adnik zapiekanek. T\u0119 klasyk\u0119 \u017c\u00f3\u0142tego sera mo\u017cna r\u00f3wnie\u017c serwowa\u0107 ze s\u0142odkimi dodatkami, takimi jak d\u017cemy czy konfitury. Ser gouda Rolmlecz zosta\u0142 wyprodukowany z polskiego mleka najwy\u017cszej jako\u015bci. Dost\u0119pny jest w plastrach, w wygodnych 150 g opakowaniach z systemem otw\u00f3rz-zamknij, dzi\u0119ki kt\u00f3remu produkt d\u0142u\u017cej utrzymuje \u015bwie\u017co\u015b\u0107.<\/p>\n","protected":false},"excerpt":{"rendered":"<p>Ser gouda to jeden z najpopularniejszych w Polsce rodzaj\u00f3w sera \u017c\u00f3\u0142tego. Ten podpuszczkowy ser typu holenderskiego ma \u0142agodny smak z charakterystyczn\u0105 wytrawn\u0105 nut\u0105, dzi\u0119ki czemu ser ma uniwersalne kulinarne zastosowania. Sprawdzi si\u0119 jako przek\u0105ska, dodatek do deski ser\u00f3w, b\u0119dzie znakomicie smakowa\u0142 na kanapkach, ale tak\u017ce jako sk\u0142adnik zapiekanek. T\u0119 klasyk\u0119 \u017c\u00f3\u0142tego sera mo\u017cna r\u00f3wnie\u017c serwowa\u0107 [&hellip;]<\/p>\n","protected":false},"featured_media":21764,"template":"","meta":[],"product_cat":[179,1209,109,24],"product_tag":[],"_links":{"self":[{"href":"https:\/\/mlekpol.com.pl\/index.php\/wp-json\/wp\/v2\/product\/21782"}],"collection":[{"href":"https:\/\/mlekpol.com.pl\/index.php\/wp-json\/wp\/v2\/product"}],"about":[{"href":"https:\/\/mlekpol.com.pl\/index.php\/wp-json\/wp\/v2\/types\/product"}],"wp:featuredmedia":[{"embeddable":true,"href":"https:\/\/mlekpol.com.pl\/index.php\/wp-json\/wp\/v2\/media\/21764"}],"wp:attachment":[{"href":"https:\/\/mlekpol.com.pl\/index.php\/wp-json\/wp\/v2\/media?parent=21782"}],"wp:term":[{"taxonomy":"product_cat","embeddable":true,"href":"https:\/\/mlekpol.com.pl\/index.php\/wp-json\/wp\/v2\/product_cat?post=21782"},{"taxonomy":"product_tag","embeddable":true,"href":"https:\/\/mlekpol.com.pl\/index.php\/wp-json\/wp\/v2\/product_tag?post=21782"}],"curies":[{"name":"wp","href":"https:\/\/api.w.org\/{rel}","templated":true}]}}