
{"id":21577,"date":"2021-03-12T12:19:26","date_gmt":"2021-03-12T11:19:26","guid":{"rendered":"https:\/\/mlekpol.com.pl?post_type=product&#038;p=21577"},"modified":"2024-02-08T17:41:54","modified_gmt":"2024-02-08T16:41:54","slug":"serek-smietankowy-laciaty-barbecue-z-konopiami","status":"publish","type":"product","link":"https:\/\/mlekpol.com.pl\/index.php\/produkt\/serek-smietankowy-laciaty-barbecue-z-konopiami\/","title":{"rendered":"Serek \u015bmietankowy \u0141aciaty barbecue z konopiami"},"content":{"rendered":"<p>Serek \u015bmietankowy powsta\u0142 na bazie najwy\u017cszej jako\u015bci mleka. Zosta\u0142 uzyskany z po\u0142\u0105czenia \u015bmietanki pasteryzowanej i czystych kultur bakterii. Poprzez po\u0142\u0105czenie warzyw, przypraw i nasion konopi siewnej jego smak jest oryginalny i zaskakuj\u0105cy. Kojarzy si\u0119 z wiosennymi, grillowanymi daniami.<\/p>\n<p>Serek nie zawiera organizm\u00f3w genetycznie modyfikowanych, zag\u0119stnik\u00f3w ani \u017cadnych sztucznych dodatk\u00f3w. Dzi\u0119ki swojej zwartej, jednolitej, strukturze nadaje si\u0119 do smarowania lub na baz\u0119 do past. Jego g\u0142adka, kremowa konsystencja powoduje, \u017ce mo\u017ce stanowi\u0107 idealny sk\u0142adnik sos\u00f3w oraz z powodzeniem wyst\u0119powa\u0107 jako dip i dodatek do potraw z grilla.<\/p>\n","protected":false},"excerpt":{"rendered":"<p>Serek \u015bmietankowy powsta\u0142 na bazie najwy\u017cszej jako\u015bci mleka. Zosta\u0142 uzyskany z po\u0142\u0105czenia \u015bmietanki pasteryzowanej i czystych kultur bakterii. Poprzez po\u0142\u0105czenie warzyw, przypraw i nasion konopi siewnej jego smak jest oryginalny i zaskakuj\u0105cy. Kojarzy si\u0119 z wiosennymi, grillowanymi daniami. Serek nie zawiera organizm\u00f3w genetycznie modyfikowanych, zag\u0119stnik\u00f3w ani \u017cadnych sztucznych dodatk\u00f3w. Dzi\u0119ki swojej zwartej, jednolitej, strukturze nadaje [&hellip;]<\/p>\n","protected":false},"featured_media":26830,"template":"","meta":[],"product_cat":[23,48],"product_tag":[],"_links":{"self":[{"href":"https:\/\/mlekpol.com.pl\/index.php\/wp-json\/wp\/v2\/product\/21577"}],"collection":[{"href":"https:\/\/mlekpol.com.pl\/index.php\/wp-json\/wp\/v2\/product"}],"about":[{"href":"https:\/\/mlekpol.com.pl\/index.php\/wp-json\/wp\/v2\/types\/product"}],"wp:featuredmedia":[{"embeddable":true,"href":"https:\/\/mlekpol.com.pl\/index.php\/wp-json\/wp\/v2\/media\/26830"}],"wp:attachment":[{"href":"https:\/\/mlekpol.com.pl\/index.php\/wp-json\/wp\/v2\/media?parent=21577"}],"wp:term":[{"taxonomy":"product_cat","embeddable":true,"href":"https:\/\/mlekpol.com.pl\/index.php\/wp-json\/wp\/v2\/product_cat?post=21577"},{"taxonomy":"product_tag","embeddable":true,"href":"https:\/\/mlekpol.com.pl\/index.php\/wp-json\/wp\/v2\/product_tag?post=21577"}],"curies":[{"name":"wp","href":"https:\/\/api.w.org\/{rel}","templated":true}]}}