
{"id":21490,"date":"2021-03-01T14:54:17","date_gmt":"2021-03-01T13:54:17","guid":{"rendered":"https:\/\/mlekpol.com.pl?post_type=product&#038;p=21490"},"modified":"2023-08-21T14:04:21","modified_gmt":"2023-08-21T12:04:21","slug":"mazdamer-mazurski-smak","status":"publish","type":"product","link":"https:\/\/mlekpol.com.pl\/index.php\/produkt\/mazdamer-mazurski-smak\/","title":{"rendered":"Ser Mazdamer w plastrach"},"content":{"rendered":"<p>Mazdamer jest serem rodzaju szwajcarskiego, p\u00f3\u0142twardego, typu ementaler. Wyr\u00f3\u017cnia go \u0142agodnie orzechowy smak z wyczuwaln\u0105 nutk\u0105 s\u0142odko\u015bci i charakterystyczny aromat. Ma jasno\u017c\u00f3\u0142t\u0105 barw\u0119 i du\u017ce owalne oczy widoczne w przekroju. Dobrze prezentuje si\u0119 zar\u00f3wno na kanapkach, jaki i na desce ser\u00f3w, znakomicie sprawdzi si\u0119 jako osobna przek\u0105ska, ale tak\u017ce w po\u0142\u0105czeniu ze \u015bwie\u017cymi i suszonymi owocami czy bakaliami. Jego wykwintny smak mo\u017cna wykorzysta\u0107 tak\u017ce w daniach ciep\u0142ych, takich jak zapiekanki.<\/p>\n","protected":false},"excerpt":{"rendered":"<p>Mazdamer jest serem rodzaju szwajcarskiego, p\u00f3\u0142twardego, typu ementaler. Wyr\u00f3\u017cnia go \u0142agodnie orzechowy smak z wyczuwaln\u0105 nutk\u0105 s\u0142odko\u015bci i charakterystyczny aromat. Ma jasno\u017c\u00f3\u0142t\u0105 barw\u0119 i du\u017ce owalne oczy widoczne w przekroju. Dobrze prezentuje si\u0119 zar\u00f3wno na kanapkach, jaki i na desce ser\u00f3w, znakomicie sprawdzi si\u0119 jako osobna przek\u0105ska, ale tak\u017ce w po\u0142\u0105czeniu ze \u015bwie\u017cymi i suszonymi [&hellip;]<\/p>\n","protected":false},"featured_media":25378,"template":"","meta":[],"product_cat":[179,105,558,1209,24],"product_tag":[],"_links":{"self":[{"href":"https:\/\/mlekpol.com.pl\/index.php\/wp-json\/wp\/v2\/product\/21490"}],"collection":[{"href":"https:\/\/mlekpol.com.pl\/index.php\/wp-json\/wp\/v2\/product"}],"about":[{"href":"https:\/\/mlekpol.com.pl\/index.php\/wp-json\/wp\/v2\/types\/product"}],"wp:featuredmedia":[{"embeddable":true,"href":"https:\/\/mlekpol.com.pl\/index.php\/wp-json\/wp\/v2\/media\/25378"}],"wp:attachment":[{"href":"https:\/\/mlekpol.com.pl\/index.php\/wp-json\/wp\/v2\/media?parent=21490"}],"wp:term":[{"taxonomy":"product_cat","embeddable":true,"href":"https:\/\/mlekpol.com.pl\/index.php\/wp-json\/wp\/v2\/product_cat?post=21490"},{"taxonomy":"product_tag","embeddable":true,"href":"https:\/\/mlekpol.com.pl\/index.php\/wp-json\/wp\/v2\/product_tag?post=21490"}],"curies":[{"name":"wp","href":"https:\/\/api.w.org\/{rel}","templated":true}]}}