
{"id":21176,"date":"2020-12-10T12:30:31","date_gmt":"2020-12-10T11:30:31","guid":{"rendered":"https:\/\/mlekpol.com.pl?post_type=product&#038;p=21176"},"modified":"2023-09-27T10:18:52","modified_gmt":"2023-09-27T08:18:52","slug":"ser-mierzwiony-gouda","status":"publish","type":"product","link":"https:\/\/mlekpol.com.pl\/index.php\/produkt\/ser-mierzwiony-gouda\/","title":{"rendered":"Ser Mierzwiony Gouda"},"content":{"rendered":"<p>\u0141agodny w smaku, uniwersalny w zastosowaniu ser typu holenderskiego, wytwarzany z najlepszego polskiego mleka i wy\u0142\u0105cznie naturalnych sk\u0142adnik\u00f3w. Ultracienkie plastry sprawiaj\u0105, \u017ce b\u0119dzie wygl\u0105da\u0142 dobrze nie tylko na kanapce. Znakomicie sprawdzi si\u0119 jako przek\u0105ska, efektowna dekoracja wielu da\u0144 lub wyszukana i nowoczesna przystawka, zw\u0142aszcza na desce ser\u00f3w. To r\u00f3wnie\u017c idealne dope\u0142nienie zapiekanek.<\/p>\n<p>Ser Gouda Mlekpol charakteryzuje czysta etykieta i prosty sk\u0142ad. Posiada certyfikat \u201eJako\u015b\u0107 Tradycja\u201d, kt\u00f3ry przyznawany jest produktom najwy\u017cszej jako\u015bci z uwzgl\u0119dnieniem ich tradycyjnego charakteru.<\/p>\n<p>Waga 150 g<\/p>\n","protected":false},"excerpt":{"rendered":"<p>\u0141agodny w smaku, uniwersalny w zastosowaniu ser typu holenderskiego, wytwarzany z najlepszego polskiego mleka i wy\u0142\u0105cznie naturalnych sk\u0142adnik\u00f3w. Ultracienkie plastry sprawiaj\u0105, \u017ce b\u0119dzie wygl\u0105da\u0142 dobrze nie tylko na kanapce. Znakomicie sprawdzi si\u0119 jako przek\u0105ska, efektowna dekoracja wielu da\u0144 lub wyszukana i nowoczesna przystawka, zw\u0142aszcza na desce ser\u00f3w. To r\u00f3wnie\u017c idealne dope\u0142nienie zapiekanek. Ser Gouda Mlekpol [&hellip;]<\/p>\n","protected":false},"featured_media":25660,"template":"","meta":[],"product_cat":[558,1209,24],"product_tag":[],"_links":{"self":[{"href":"https:\/\/mlekpol.com.pl\/index.php\/wp-json\/wp\/v2\/product\/21176"}],"collection":[{"href":"https:\/\/mlekpol.com.pl\/index.php\/wp-json\/wp\/v2\/product"}],"about":[{"href":"https:\/\/mlekpol.com.pl\/index.php\/wp-json\/wp\/v2\/types\/product"}],"wp:featuredmedia":[{"embeddable":true,"href":"https:\/\/mlekpol.com.pl\/index.php\/wp-json\/wp\/v2\/media\/25660"}],"wp:attachment":[{"href":"https:\/\/mlekpol.com.pl\/index.php\/wp-json\/wp\/v2\/media?parent=21176"}],"wp:term":[{"taxonomy":"product_cat","embeddable":true,"href":"https:\/\/mlekpol.com.pl\/index.php\/wp-json\/wp\/v2\/product_cat?post=21176"},{"taxonomy":"product_tag","embeddable":true,"href":"https:\/\/mlekpol.com.pl\/index.php\/wp-json\/wp\/v2\/product_tag?post=21176"}],"curies":[{"name":"wp","href":"https:\/\/api.w.org\/{rel}","templated":true}]}}