
{"id":20881,"date":"2020-09-11T11:10:13","date_gmt":"2020-09-11T09:10:13","guid":{"rendered":"https:\/\/mlekpol.com.pl?post_type=product&#038;p=20881"},"modified":"2022-12-13T09:58:47","modified_gmt":"2022-12-13T08:58:47","slug":"serek-smietankowy-laciaty-naturalny-2","status":"publish","type":"product","link":"https:\/\/mlekpol.com.pl\/index.php\/produkt\/serek-smietankowy-laciaty-naturalny-2\/","title":{"rendered":"Serek \u015bmietankowy \u0141aciaty naturalny"},"content":{"rendered":"<p>Serek \u015bmietankowy powsta\u0142 na bazie najwy\u017cszej jako\u015bci mleka.\u00a0 Zosta\u0142 uzyskany z po\u0142\u0105czenia \u015bmietanki pasteryzowanej i czystych kultur bakterii. Lekki, delikatny o uniwersalnym smaku. Dzi\u0119ki swojej zwartej, jednolitej, strukturze nadaje si\u0119 do smarowania lub na baz\u0119 do past. Jego g\u0142adka, kremowa konsystencja powoduje, \u017ce mo\u017ce stanowi\u0107 idealny sk\u0142adnik sos\u00f3w oraz z powodzeniem wyst\u0119powa\u0107 jako dip i dodatek do potraw z grilla.\u00a0 \u015awietnie sprawdza si\u0119 jako sk\u0142adnik krem\u00f3w do ciast i deser\u00f3w. Idealny materia\u0142 na serniki na zimno i pieczone.<\/p>\n","protected":false},"excerpt":{"rendered":"<p>Serek \u015bmietankowy powsta\u0142 na bazie najwy\u017cszej jako\u015bci mleka.\u00a0 Zosta\u0142 uzyskany z po\u0142\u0105czenia \u015bmietanki pasteryzowanej i czystych kultur bakterii. Lekki, delikatny o uniwersalnym smaku. Dzi\u0119ki swojej zwartej, jednolitej, strukturze nadaje si\u0119 do smarowania lub na baz\u0119 do past. Jego g\u0142adka, kremowa konsystencja powoduje, \u017ce mo\u017ce stanowi\u0107 idealny sk\u0142adnik sos\u00f3w oraz z powodzeniem wyst\u0119powa\u0107 jako dip i [&hellip;]<\/p>\n","protected":false},"featured_media":23788,"template":"","meta":[],"product_cat":[23],"product_tag":[],"_links":{"self":[{"href":"https:\/\/mlekpol.com.pl\/index.php\/wp-json\/wp\/v2\/product\/20881"}],"collection":[{"href":"https:\/\/mlekpol.com.pl\/index.php\/wp-json\/wp\/v2\/product"}],"about":[{"href":"https:\/\/mlekpol.com.pl\/index.php\/wp-json\/wp\/v2\/types\/product"}],"wp:featuredmedia":[{"embeddable":true,"href":"https:\/\/mlekpol.com.pl\/index.php\/wp-json\/wp\/v2\/media\/23788"}],"wp:attachment":[{"href":"https:\/\/mlekpol.com.pl\/index.php\/wp-json\/wp\/v2\/media?parent=20881"}],"wp:term":[{"taxonomy":"product_cat","embeddable":true,"href":"https:\/\/mlekpol.com.pl\/index.php\/wp-json\/wp\/v2\/product_cat?post=20881"},{"taxonomy":"product_tag","embeddable":true,"href":"https:\/\/mlekpol.com.pl\/index.php\/wp-json\/wp\/v2\/product_tag?post=20881"}],"curies":[{"name":"wp","href":"https:\/\/api.w.org\/{rel}","templated":true}]}}