
{"id":20880,"date":"2020-09-10T13:04:55","date_gmt":"2020-09-10T11:04:55","guid":{"rendered":"https:\/\/mlekpol.com.pl?post_type=product&#038;p=20880"},"modified":"2024-02-08T17:43:22","modified_gmt":"2024-02-08T16:43:22","slug":"serek-smietankowy-laciaty-smak-indyjski-z-konopiami-i-czarnuszka","status":"publish","type":"product","link":"https:\/\/mlekpol.com.pl\/index.php\/produkt\/serek-smietankowy-laciaty-smak-indyjski-z-konopiami-i-czarnuszka\/","title":{"rendered":"Serek \u015bmietankowy \u0141aciaty smak indyjski z konopiami i czarnuszk\u0105"},"content":{"rendered":"<div style=\"display: none;\">\n<p>Serek \u015bmietankowy powsta\u0142 na bazie najwy\u017cszej jako\u015bci mleka.\u00a0 Zosta\u0142 uzyskany z po\u0142\u0105czenia \u015bmietanki pasteryzowanej i czystych kultur bakterii. Poprzez dodatek kompozycji przypraw, papai, oraz nasion konopi siewnej i czarnuszki zaskakuje oryginalnym smakiem nawi\u0105zuj\u0105cym do kuchni indyjskiej.<\/p>\n<p>Serek nie zawiera organizm\u00f3w genetycznie modyfikowanych, zag\u0119stnik\u00f3w, ani \u017cadnych sztucznych dodatk\u00f3w. Dzi\u0119ki swojej zwartej, jednolitej, strukturze nadaje si\u0119 do smarowania lub na baz\u0119 do past. Jego g\u0142adka, kremowa konsystencja powoduje, \u017ce mo\u017ce stanowi\u0107 idealny sk\u0142adnik sos\u00f3w oraz z powodzeniem wyst\u0119powa\u0107 jako dip i dodatek do potraw z grilla.<\/p>\n<p>Serek \u015bmietankowy powsta\u0142 na bazie najwy\u017cszej jako\u015bci mleka.\u00a0 Zosta\u0142 uzyskany z po\u0142\u0105czenia \u015bmietanki pasteryzowanej i czystych kultur bakterii. Poprzez dodatek kompozycji przypraw, papai, oraz nasion konopi siewnej i czarnuszki zaskakuje oryginalnym smakiem nawi\u0105zuj\u0105cym do kuchni indyjskiej.<\/p>\n<p>Serek nie zawiera organizm\u00f3w genetycznie modyfikowanych, zag\u0119stnik\u00f3w, ani \u017cadnych sztucznych dodatk\u00f3w. Dzi\u0119ki swojej zwartej, jednolitej, strukturze nadaje si\u0119 do smarowania lub na baz\u0119 do past. Jego g\u0142adka, kremowa konsystencja powoduje, \u017ce mo\u017ce stanowi\u0107 idealny sk\u0142adnik sos\u00f3w oraz z powodzeniem wyst\u0119powa\u0107 jako dip i dodatek do potraw z grilla.<\/p>\n<p>Serek \u015bmietankowy powsta\u0142 na bazie najwy\u017cszej jako\u015bci mleka.\u00a0 Zosta\u0142 uzyskany z po\u0142\u0105czenia \u015bmietanki pasteryzowanej i czystych kultur bakterii. Poprzez dodatek kompozycji przypraw, papai, oraz nasion konopi siewnej i czarnuszki zaskakuje oryginalnym smakiem nawi\u0105zuj\u0105cym do kuchni indyjskiej.<\/p>\n<p>Serek nie zawiera organizm\u00f3w genetycznie modyfikowanych, zag\u0119stnik\u00f3w, ani \u017cadnych sztucznych dodatk\u00f3w. Dzi\u0119ki swojej zwartej, jednolitej, strukturze nadaje si\u0119 do smarowania lub na baz\u0119 do past. Jego g\u0142adka, kremowa konsystencja powoduje, \u017ce mo\u017ce stanowi\u0107 idealny sk\u0142adnik sos\u00f3w oraz z powodzeniem wyst\u0119powa\u0107 jako dip i dodatek do potraw z grilla.<\/p>\n<\/div>\n<p>Serek \u015bmietankowy powsta\u0142 na bazie najwy\u017cszej jako\u015bci mleka.\u00a0 Zosta\u0142 uzyskany z po\u0142\u0105czenia \u015bmietanki pasteryzowanej i czystych kultur bakterii. Poprzez dodatek kompozycji przypraw, papai, oraz nasion konopi siewnej i czarnuszki zaskakuje oryginalnym smakiem nawi\u0105zuj\u0105cym do kuchni indyjskiej.<\/p>\n<p>Serek nie zawiera organizm\u00f3w genetycznie modyfikowanych, zag\u0119stnik\u00f3w, ani \u017cadnych sztucznych dodatk\u00f3w. Dzi\u0119ki swojej zwartej, jednolitej, strukturze nadaje si\u0119 do smarowania lub na baz\u0119 do past. Jego g\u0142adka, kremowa konsystencja powoduje, \u017ce mo\u017ce stanowi\u0107 idealny sk\u0142adnik sos\u00f3w oraz z powodzeniem wyst\u0119powa\u0107 jako dip i dodatek do potraw z grilla.<\/p>\n","protected":false},"excerpt":{"rendered":"<p>Serek \u015bmietankowy powsta\u0142 na bazie najwy\u017cszej jako\u015bci mleka.\u00a0 Zosta\u0142 uzyskany z po\u0142\u0105czenia \u015bmietanki pasteryzowanej i czystych kultur bakterii. Poprzez dodatek kompozycji przypraw, papai, oraz nasion konopi siewnej i czarnuszki zaskakuje oryginalnym smakiem nawi\u0105zuj\u0105cym do kuchni indyjskiej. Serek nie zawiera organizm\u00f3w genetycznie modyfikowanych, zag\u0119stnik\u00f3w, ani \u017cadnych sztucznych dodatk\u00f3w. Dzi\u0119ki swojej zwartej, jednolitej, strukturze nadaje si\u0119 do [&hellip;]<\/p>\n","protected":false},"featured_media":26832,"template":"","meta":[],"product_cat":[23],"product_tag":[],"_links":{"self":[{"href":"https:\/\/mlekpol.com.pl\/index.php\/wp-json\/wp\/v2\/product\/20880"}],"collection":[{"href":"https:\/\/mlekpol.com.pl\/index.php\/wp-json\/wp\/v2\/product"}],"about":[{"href":"https:\/\/mlekpol.com.pl\/index.php\/wp-json\/wp\/v2\/types\/product"}],"wp:featuredmedia":[{"embeddable":true,"href":"https:\/\/mlekpol.com.pl\/index.php\/wp-json\/wp\/v2\/media\/26832"}],"wp:attachment":[{"href":"https:\/\/mlekpol.com.pl\/index.php\/wp-json\/wp\/v2\/media?parent=20880"}],"wp:term":[{"taxonomy":"product_cat","embeddable":true,"href":"https:\/\/mlekpol.com.pl\/index.php\/wp-json\/wp\/v2\/product_cat?post=20880"},{"taxonomy":"product_tag","embeddable":true,"href":"https:\/\/mlekpol.com.pl\/index.php\/wp-json\/wp\/v2\/product_tag?post=20880"}],"curies":[{"name":"wp","href":"https:\/\/api.w.org\/{rel}","templated":true}]}}