
{"id":20872,"date":"2020-09-10T12:59:35","date_gmt":"2020-09-10T10:59:35","guid":{"rendered":"https:\/\/mlekpol.com.pl?post_type=product&#038;p=20872"},"modified":"2024-02-08T17:44:53","modified_gmt":"2024-02-08T16:44:53","slug":"serek-smietankowy-laciaty-z-grillowanymi-warzywami","status":"publish","type":"product","link":"https:\/\/mlekpol.com.pl\/index.php\/produkt\/serek-smietankowy-laciaty-z-grillowanymi-warzywami\/","title":{"rendered":"Serek \u015bmietankowy \u0141aciaty z grillowanymi warzywami"},"content":{"rendered":"<div style=\"display: none;\"><\/div>\n<div style=\"display: none;\"><\/div>\n<p>Serek \u015bmietankowy powsta\u0142 na bazie najwy\u017cszej jako\u015bci mleka.\u00a0 Zosta\u0142 uzyskany z po\u0142\u0105czenia \u015bmietanki pasteryzowanej i czystych kultur bakterii. Poprzez dodatek grillowanych warzyw, takich jak czerwona papryka, cukinia, a tak\u017ce suszonych pomidor\u00f3w, czosnku i przypraw ma wyrazisty smak zawartych w nim warzyw.<\/p>\n<p>Serek nie zawiera organizm\u00f3w genetycznie modyfikowanych, zag\u0119stnik\u00f3w, ani \u017cadnych sztucznych dodatk\u00f3w. Dzi\u0119ki swojej zwartej, jednolitej, strukturze nadaje si\u0119 do smarowania lub na baz\u0119 do past, Jego g\u0142adka, kremowa konsystencja powoduje, \u017ce mo\u017ce stanowi\u0107 idealny sk\u0142adnik sos\u00f3w oraz z powodzeniem wyst\u0119powa\u0107 jako dip i dodatek do potraw z grilla.<\/p>\n","protected":false},"excerpt":{"rendered":"<div style=\"display: none;\"><\/div>\n<p>&nbsp;<\/p>\n","protected":false},"featured_media":26834,"template":"","meta":[],"product_cat":[23],"product_tag":[],"_links":{"self":[{"href":"https:\/\/mlekpol.com.pl\/index.php\/wp-json\/wp\/v2\/product\/20872"}],"collection":[{"href":"https:\/\/mlekpol.com.pl\/index.php\/wp-json\/wp\/v2\/product"}],"about":[{"href":"https:\/\/mlekpol.com.pl\/index.php\/wp-json\/wp\/v2\/types\/product"}],"wp:featuredmedia":[{"embeddable":true,"href":"https:\/\/mlekpol.com.pl\/index.php\/wp-json\/wp\/v2\/media\/26834"}],"wp:attachment":[{"href":"https:\/\/mlekpol.com.pl\/index.php\/wp-json\/wp\/v2\/media?parent=20872"}],"wp:term":[{"taxonomy":"product_cat","embeddable":true,"href":"https:\/\/mlekpol.com.pl\/index.php\/wp-json\/wp\/v2\/product_cat?post=20872"},{"taxonomy":"product_tag","embeddable":true,"href":"https:\/\/mlekpol.com.pl\/index.php\/wp-json\/wp\/v2\/product_tag?post=20872"}],"curies":[{"name":"wp","href":"https:\/\/api.w.org\/{rel}","templated":true}]}}