
{"id":20784,"date":"2020-08-31T09:11:43","date_gmt":"2020-08-31T07:11:43","guid":{"rendered":"https:\/\/mlekpol.com.pl?post_type=product&#038;p=20784"},"modified":"2023-07-12T11:57:10","modified_gmt":"2023-07-12T09:57:10","slug":"mleko-uht-laciate-00-2","status":"publish","type":"product","link":"https:\/\/mlekpol.com.pl\/index.php\/produkt\/mleko-uht-laciate-00-2\/","title":{"rendered":"Mleko UHT \u0141aciate 0,0% &#8211; 1 l"},"content":{"rendered":"<p>Doskona\u0142e \u017ar\u00f3d\u0142o wapnia i bia\u0142ka, bogactwo cennych witamin i sk\u0142adnik\u00f3w mineralnych.<br \/>\nMleko \u0141aciate to niezmiennie od lat sprzeda\u017cowy hit. Polacy pokochali mleko UHT, bo dzi\u0119ki sprawdzonej technologii i nowoczesnym opakowaniom zachowuje ono \u015bwie\u017co\u015b\u0107 przez 6 miesi\u0119cy (do momentu otwarcia), nie trac\u0105c smaku ani warto\u015bci od\u017cywczych.<\/p>\n","protected":false},"excerpt":{"rendered":"<p>Doskona\u0142e \u017ar\u00f3d\u0142o wapnia i bia\u0142ka, bogactwo cennych witamin i sk\u0142adnik\u00f3w mineralnych. Mleko \u0141aciate to niezmiennie od lat sprzeda\u017cowy hit. Polacy pokochali mleko UHT, bo dzi\u0119ki sprawdzonej technologii i nowoczesnym opakowaniom zachowuje ono \u015bwie\u017co\u015b\u0107 przez 6 miesi\u0119cy (do momentu otwarcia), nie trac\u0105c smaku ani warto\u015bci od\u017cywczych.<\/p>\n","protected":false},"featured_media":20774,"template":"","meta":[],"product_cat":[16,25,48],"product_tag":[],"_links":{"self":[{"href":"https:\/\/mlekpol.com.pl\/index.php\/wp-json\/wp\/v2\/product\/20784"}],"collection":[{"href":"https:\/\/mlekpol.com.pl\/index.php\/wp-json\/wp\/v2\/product"}],"about":[{"href":"https:\/\/mlekpol.com.pl\/index.php\/wp-json\/wp\/v2\/types\/product"}],"wp:featuredmedia":[{"embeddable":true,"href":"https:\/\/mlekpol.com.pl\/index.php\/wp-json\/wp\/v2\/media\/20774"}],"wp:attachment":[{"href":"https:\/\/mlekpol.com.pl\/index.php\/wp-json\/wp\/v2\/media?parent=20784"}],"wp:term":[{"taxonomy":"product_cat","embeddable":true,"href":"https:\/\/mlekpol.com.pl\/index.php\/wp-json\/wp\/v2\/product_cat?post=20784"},{"taxonomy":"product_tag","embeddable":true,"href":"https:\/\/mlekpol.com.pl\/index.php\/wp-json\/wp\/v2\/product_tag?post=20784"}],"curies":[{"name":"wp","href":"https:\/\/api.w.org\/{rel}","templated":true}]}}