
{"id":20436,"date":"2020-05-29T13:07:02","date_gmt":"2020-05-29T11:07:02","guid":{"rendered":"https:\/\/mlekpol.com.pl?post_type=product&#038;p=20436"},"modified":"2022-12-15T15:57:55","modified_gmt":"2022-12-15T14:57:55","slug":"gouda-cheese-slices-3","status":"publish","type":"product","link":"https:\/\/mlekpol.com.pl\/index.php\/en\/produkt\/gouda-cheese-slices-3\/","title":{"rendered":"Gouda cheese, slices"},"content":{"rendered":"<p>Excellent, popular Dutch-type cheese. Known as a perfect addition to snacks, sandwiches or canap\u00e9s. It has been awarded the &#8222;Jako\u015b\u0107 Tradycja&#8221; sign, which is granted to high-quality food products, including traditional ones.<\/p>\n","protected":false},"excerpt":{"rendered":"<p>Excellent, popular Dutch-type cheese. Known as a perfect addition to snacks, sandwiches or canap\u00e9s. It has been awarded the &#8222;Jako\u015b\u0107 Tradycja&#8221; sign, which is granted to high-quality food products, including traditional ones.<\/p>\n","protected":false},"featured_media":23633,"template":"","meta":[],"product_cat":[253,607],"product_tag":[],"_links":{"self":[{"href":"https:\/\/mlekpol.com.pl\/index.php\/wp-json\/wp\/v2\/product\/20436"}],"collection":[{"href":"https:\/\/mlekpol.com.pl\/index.php\/wp-json\/wp\/v2\/product"}],"about":[{"href":"https:\/\/mlekpol.com.pl\/index.php\/wp-json\/wp\/v2\/types\/product"}],"wp:featuredmedia":[{"embeddable":true,"href":"https:\/\/mlekpol.com.pl\/index.php\/wp-json\/wp\/v2\/media\/23633"}],"wp:attachment":[{"href":"https:\/\/mlekpol.com.pl\/index.php\/wp-json\/wp\/v2\/media?parent=20436"}],"wp:term":[{"taxonomy":"product_cat","embeddable":true,"href":"https:\/\/mlekpol.com.pl\/index.php\/wp-json\/wp\/v2\/product_cat?post=20436"},{"taxonomy":"product_tag","embeddable":true,"href":"https:\/\/mlekpol.com.pl\/index.php\/wp-json\/wp\/v2\/product_tag?post=20436"}],"curies":[{"name":"wp","href":"https:\/\/api.w.org\/{rel}","templated":true}]}}