
{"id":20435,"date":"2020-05-29T10:56:02","date_gmt":"2020-05-29T08:56:02","guid":{"rendered":"https:\/\/mlekpol.com.pl?post_type=product&#038;p=20435"},"modified":"2022-07-18T19:05:24","modified_gmt":"2022-07-18T17:05:24","slug":"ser-zloty-mazur-plastry-5","status":"publish","type":"product","link":"https:\/\/mlekpol.com.pl\/index.php\/produkt\/ser-zloty-mazur-plastry-5\/","title":{"rendered":"Ser Z\u0142oty Mazur plastry"},"content":{"rendered":"<p>Wyrazisty ser\u00a0 typu holenderskiego. Popularny i ceniony za sw\u00f3j wytrawny smak. \u015awietnie sprawdza si\u0119 na kanapkach, a tak\u017ce w wersji zapiekanej. Zosta\u0142 wyr\u00f3\u017cniony znakiem \u201eJako\u015b\u0107 Tradycja\u201d, kt\u00f3ry przyznawany jest produktom \u017cywno\u015bciowym wysokiej jako\u015bci z uwzgl\u0119dnieniem produkt\u00f3w tradycyjnych.<\/p>\n","protected":false},"excerpt":{"rendered":"<p>Wyrazisty ser\u00a0 typu holenderskiego. Popularny i ceniony za sw\u00f3j wytrawny smak. \u015awietnie sprawdza si\u0119 na kanapkach, a tak\u017ce w wersji zapiekanej. Zosta\u0142 wyr\u00f3\u017cniony znakiem \u201eJako\u015b\u0107 Tradycja\u201d, kt\u00f3ry przyznawany jest produktom \u017cywno\u015bciowym wysokiej jako\u015bci z uwzgl\u0119dnieniem produkt\u00f3w tradycyjnych.<\/p>\n","protected":false},"featured_media":23576,"template":"","meta":[],"product_cat":[558,1209,24],"product_tag":[],"_links":{"self":[{"href":"https:\/\/mlekpol.com.pl\/index.php\/wp-json\/wp\/v2\/product\/20435"}],"collection":[{"href":"https:\/\/mlekpol.com.pl\/index.php\/wp-json\/wp\/v2\/product"}],"about":[{"href":"https:\/\/mlekpol.com.pl\/index.php\/wp-json\/wp\/v2\/types\/product"}],"wp:featuredmedia":[{"embeddable":true,"href":"https:\/\/mlekpol.com.pl\/index.php\/wp-json\/wp\/v2\/media\/23576"}],"wp:attachment":[{"href":"https:\/\/mlekpol.com.pl\/index.php\/wp-json\/wp\/v2\/media?parent=20435"}],"wp:term":[{"taxonomy":"product_cat","embeddable":true,"href":"https:\/\/mlekpol.com.pl\/index.php\/wp-json\/wp\/v2\/product_cat?post=20435"},{"taxonomy":"product_tag","embeddable":true,"href":"https:\/\/mlekpol.com.pl\/index.php\/wp-json\/wp\/v2\/product_tag?post=20435"}],"curies":[{"name":"wp","href":"https:\/\/api.w.org\/{rel}","templated":true}]}}