
{"id":20434,"date":"2020-05-29T10:53:44","date_gmt":"2020-05-29T08:53:44","guid":{"rendered":"https:\/\/mlekpol.com.pl?post_type=product&#038;p=20434"},"modified":"2022-12-15T15:48:47","modified_gmt":"2022-12-15T14:48:47","slug":"ser-salami-plastry-3","status":"publish","type":"product","link":"https:\/\/mlekpol.com.pl\/index.php\/produkt\/ser-salami-plastry-3\/","title":{"rendered":"Ser Salami plastry"},"content":{"rendered":"<p>Ser dojrzewaj\u0105cy, doceniany za wyrazisty smak i aromat. Wyczuwalny typowy lekko kwa\u015bny, lekko pikantny smak. Na przekroju charakterystyczne dla tego rodzaju sera drobne oczka mi\u0119dzyziarnowe. \u015awietnie sprawdza si\u0119 na kanapce, w zapiekankach, jako przek\u0105ska koktajlowa, a tak\u017ce towarzysz deski ser\u00f3w. Zawiera dobrze przyswajalne bia\u0142ka, jak r\u00f3wnie\u017c\u00a0 zaspokaja dzienne zapotrzebowanie naszego organizmu na wap\u0144.<\/p>\n<p>Zosta\u0142 wyr\u00f3\u017cniony znakiem \u201eJako\u015b\u0107 Tradycja\u201d, kt\u00f3ry przyznawany jest produktom \u017cywno\u015bciowym wysokiej jako\u015bci z uwzgl\u0119dnieniem produkt\u00f3w tradycyjnych.<\/p>\n","protected":false},"excerpt":{"rendered":"<p>Ser dojrzewaj\u0105cy, doceniany za wyrazisty smak i aromat. Wyczuwalny typowy lekko kwa\u015bny, lekko pikantny smak. Na przekroju charakterystyczne dla tego rodzaju sera drobne oczka mi\u0119dzyziarnowe. \u015awietnie sprawdza si\u0119 na kanapce, w zapiekankach, jako przek\u0105ska koktajlowa, a tak\u017ce towarzysz deski ser\u00f3w. Zawiera dobrze przyswajalne bia\u0142ka, jak r\u00f3wnie\u017c\u00a0 zaspokaja dzienne zapotrzebowanie naszego organizmu na wap\u0144. Zosta\u0142 wyr\u00f3\u017cniony [&hellip;]<\/p>\n","protected":false},"featured_media":23575,"template":"","meta":[],"product_cat":[15,558,1209,24],"product_tag":[],"_links":{"self":[{"href":"https:\/\/mlekpol.com.pl\/index.php\/wp-json\/wp\/v2\/product\/20434"}],"collection":[{"href":"https:\/\/mlekpol.com.pl\/index.php\/wp-json\/wp\/v2\/product"}],"about":[{"href":"https:\/\/mlekpol.com.pl\/index.php\/wp-json\/wp\/v2\/types\/product"}],"wp:featuredmedia":[{"embeddable":true,"href":"https:\/\/mlekpol.com.pl\/index.php\/wp-json\/wp\/v2\/media\/23575"}],"wp:attachment":[{"href":"https:\/\/mlekpol.com.pl\/index.php\/wp-json\/wp\/v2\/media?parent=20434"}],"wp:term":[{"taxonomy":"product_cat","embeddable":true,"href":"https:\/\/mlekpol.com.pl\/index.php\/wp-json\/wp\/v2\/product_cat?post=20434"},{"taxonomy":"product_tag","embeddable":true,"href":"https:\/\/mlekpol.com.pl\/index.php\/wp-json\/wp\/v2\/product_tag?post=20434"}],"curies":[{"name":"wp","href":"https:\/\/api.w.org\/{rel}","templated":true}]}}