
{"id":20433,"date":"2020-05-29T10:49:55","date_gmt":"2020-05-29T08:49:55","guid":{"rendered":"https:\/\/mlekpol.com.pl?post_type=product&#038;p=20433"},"modified":"2022-07-18T19:02:47","modified_gmt":"2022-07-18T17:02:47","slug":"ser-krolewski-z-kolna-plastry-3","status":"publish","type":"product","link":"https:\/\/mlekpol.com.pl\/index.php\/produkt\/ser-krolewski-z-kolna-plastry-3\/","title":{"rendered":"Ser Kr\u00f3lewski z Kolna plastry"},"content":{"rendered":"<p>Aromatyczny ser podpuszczkowy dojrzewaj\u0105cy typu szwajcarskiego. Posiada wyrafinowany smak \u2013 \u0142agodny, z wyczuwaln\u0105 s\u0142odk\u0105 orzechow\u0105 nut\u0105, kt\u00f3ry zadowoli najbardziej wymagaj\u0105cych smakoszy. Po przekrojeniu bloku uwidaczniaj\u0105 si\u0119 charakterystyczne du\u017ce okr\u0105g\u0142e i owalne oczka. Gatunek ten zawiera dobrze przyswajalne bia\u0142ka, jak r\u00f3wnie\u017c\u00a0 zaspokaja dzienne zapotrzebowanie organizmu na wap\u0144. Zosta\u0142 wyr\u00f3\u017cniony znakiem \u201eJako\u015b\u0107 Tradycja\u201d, kt\u00f3ry przyznawany jest produktom \u017cywno\u015bciowym wysokiej jako\u015bci z uwzgl\u0119dnieniem produkt\u00f3w tradycyjnych.<\/p>\n","protected":false},"excerpt":{"rendered":"<p>Aromatyczny ser podpuszczkowy dojrzewaj\u0105cy typu szwajcarskiego. Posiada wyrafinowany smak \u2013 \u0142agodny, z wyczuwaln\u0105 s\u0142odk\u0105 orzechow\u0105 nut\u0105, kt\u00f3ry zadowoli najbardziej wymagaj\u0105cych smakoszy. Po przekrojeniu bloku uwidaczniaj\u0105 si\u0119 charakterystyczne du\u017ce okr\u0105g\u0142e i owalne oczka. Gatunek ten zawiera dobrze przyswajalne bia\u0142ka, jak r\u00f3wnie\u017c\u00a0 zaspokaja dzienne zapotrzebowanie organizmu na wap\u0144. Zosta\u0142 wyr\u00f3\u017cniony znakiem \u201eJako\u015b\u0107 Tradycja\u201d, kt\u00f3ry przyznawany jest produktom [&hellip;]<\/p>\n","protected":false},"featured_media":23572,"template":"","meta":[],"product_cat":[1209,24],"product_tag":[],"_links":{"self":[{"href":"https:\/\/mlekpol.com.pl\/index.php\/wp-json\/wp\/v2\/product\/20433"}],"collection":[{"href":"https:\/\/mlekpol.com.pl\/index.php\/wp-json\/wp\/v2\/product"}],"about":[{"href":"https:\/\/mlekpol.com.pl\/index.php\/wp-json\/wp\/v2\/types\/product"}],"wp:featuredmedia":[{"embeddable":true,"href":"https:\/\/mlekpol.com.pl\/index.php\/wp-json\/wp\/v2\/media\/23572"}],"wp:attachment":[{"href":"https:\/\/mlekpol.com.pl\/index.php\/wp-json\/wp\/v2\/media?parent=20433"}],"wp:term":[{"taxonomy":"product_cat","embeddable":true,"href":"https:\/\/mlekpol.com.pl\/index.php\/wp-json\/wp\/v2\/product_cat?post=20433"},{"taxonomy":"product_tag","embeddable":true,"href":"https:\/\/mlekpol.com.pl\/index.php\/wp-json\/wp\/v2\/product_tag?post=20433"}],"curies":[{"name":"wp","href":"https:\/\/api.w.org\/{rel}","templated":true}]}}