
{"id":20423,"date":"2020-05-29T10:43:32","date_gmt":"2020-05-29T08:43:32","guid":{"rendered":"https:\/\/mlekpol.com.pl?post_type=product&#038;p=20423"},"modified":"2022-12-15T15:57:23","modified_gmt":"2022-12-15T14:57:23","slug":"ser-gouda-plastry-4","status":"publish","type":"product","link":"https:\/\/mlekpol.com.pl\/index.php\/produkt\/ser-gouda-plastry-4\/","title":{"rendered":"Ser Gouda plastry"},"content":{"rendered":"<p>Doskona\u0142y, popularny ser\u00a0 typu holenderskiego. Znany jako \u015bwietny dodatek do przek\u0105sek, kanapek czy koreczk\u00f3w. Zosta\u0142 wyr\u00f3\u017cniony znakiem \u201eJako\u015b\u0107 Tradycja\u201d, kt\u00f3ry przyznawany jest produktom \u017cywno\u015bciowym wysokiej jako\u015bci z uwzgl\u0119dnieniem produkt\u00f3w tradycyjnych.<\/p>\n","protected":false},"excerpt":{"rendered":"<p>Doskona\u0142y, popularny ser\u00a0 typu holenderskiego. Znany jako \u015bwietny dodatek do przek\u0105sek, kanapek czy koreczk\u00f3w. Zosta\u0142 wyr\u00f3\u017cniony znakiem \u201eJako\u015b\u0107 Tradycja\u201d, kt\u00f3ry przyznawany jest produktom \u017cywno\u015bciowym wysokiej jako\u015bci z uwzgl\u0119dnieniem produkt\u00f3w tradycyjnych.<\/p>\n","protected":false},"featured_media":23570,"template":"","meta":[],"product_cat":[558,1209,24],"product_tag":[],"_links":{"self":[{"href":"https:\/\/mlekpol.com.pl\/index.php\/wp-json\/wp\/v2\/product\/20423"}],"collection":[{"href":"https:\/\/mlekpol.com.pl\/index.php\/wp-json\/wp\/v2\/product"}],"about":[{"href":"https:\/\/mlekpol.com.pl\/index.php\/wp-json\/wp\/v2\/types\/product"}],"wp:featuredmedia":[{"embeddable":true,"href":"https:\/\/mlekpol.com.pl\/index.php\/wp-json\/wp\/v2\/media\/23570"}],"wp:attachment":[{"href":"https:\/\/mlekpol.com.pl\/index.php\/wp-json\/wp\/v2\/media?parent=20423"}],"wp:term":[{"taxonomy":"product_cat","embeddable":true,"href":"https:\/\/mlekpol.com.pl\/index.php\/wp-json\/wp\/v2\/product_cat?post=20423"},{"taxonomy":"product_tag","embeddable":true,"href":"https:\/\/mlekpol.com.pl\/index.php\/wp-json\/wp\/v2\/product_tag?post=20423"}],"curies":[{"name":"wp","href":"https:\/\/api.w.org\/{rel}","templated":true}]}}