
{"id":20355,"date":"2020-05-12T11:32:52","date_gmt":"2020-05-12T09:32:52","guid":{"rendered":"https:\/\/mlekpol.com.pl?post_type=product&#038;p=20355"},"modified":"2022-12-09T02:35:48","modified_gmt":"2022-12-09T01:35:48","slug":"maslo-extra-laciate-oselka-2","status":"publish","type":"product","link":"https:\/\/mlekpol.com.pl\/index.php\/produkt\/maslo-extra-laciate-oselka-2\/","title":{"rendered":"Mas\u0142o extra \u0141aciate (ose\u0142ka)"},"content":{"rendered":"<p>Tradycyjne polskie mas\u0142o o \u015bmietankowym smaku i zawarto\u015bci t\u0142uszczu 83 %. Dostarcza cennych witamin i energii do codziennego funkcjonowania. Mas\u0142o ekstra \u0141aciate jest idealne do kanapek. Znakomicie sprawdza si\u0119 tak\u017ce jako sk\u0142adnik tradycyjnych ciast, krem\u00f3w i deser\u00f3w oraz dodatek do potraw.<\/p>\n","protected":false},"excerpt":{"rendered":"<p>Tradycyjne polskie mas\u0142o o \u015bmietankowym smaku i zawarto\u015bci t\u0142uszczu 83 %. Dostarcza cennych witamin i energii do codziennego funkcjonowania. Mas\u0142o ekstra \u0141aciate jest idealne do kanapek. Znakomicie sprawdza si\u0119 tak\u017ce jako sk\u0142adnik tradycyjnych ciast, krem\u00f3w i deser\u00f3w oraz dodatek do potraw.<\/p>\n","protected":false},"featured_media":24178,"template":"","meta":[],"product_cat":[19,38,48],"product_tag":[],"_links":{"self":[{"href":"https:\/\/mlekpol.com.pl\/index.php\/wp-json\/wp\/v2\/product\/20355"}],"collection":[{"href":"https:\/\/mlekpol.com.pl\/index.php\/wp-json\/wp\/v2\/product"}],"about":[{"href":"https:\/\/mlekpol.com.pl\/index.php\/wp-json\/wp\/v2\/types\/product"}],"wp:featuredmedia":[{"embeddable":true,"href":"https:\/\/mlekpol.com.pl\/index.php\/wp-json\/wp\/v2\/media\/24178"}],"wp:attachment":[{"href":"https:\/\/mlekpol.com.pl\/index.php\/wp-json\/wp\/v2\/media?parent=20355"}],"wp:term":[{"taxonomy":"product_cat","embeddable":true,"href":"https:\/\/mlekpol.com.pl\/index.php\/wp-json\/wp\/v2\/product_cat?post=20355"},{"taxonomy":"product_tag","embeddable":true,"href":"https:\/\/mlekpol.com.pl\/index.php\/wp-json\/wp\/v2\/product_tag?post=20355"}],"curies":[{"name":"wp","href":"https:\/\/api.w.org\/{rel}","templated":true}]}}