
{"id":20238,"date":"2020-04-23T12:22:28","date_gmt":"2020-04-23T10:22:28","guid":{"rendered":"https:\/\/mlekpol.com.pl?post_type=product&#038;p=20238"},"modified":"2020-05-07T14:41:09","modified_gmt":"2020-05-07T12:41:09","slug":"ser-porcja-zloty-mazur-700g","status":"publish","type":"product","link":"https:\/\/mlekpol.com.pl\/index.php\/produkt\/ser-porcja-zloty-mazur-700g\/","title":{"rendered":"Ser porcja Z\u0141OTY MAZUR"},"content":{"rendered":"<p>Ser twardy, dojrzewaj\u0105cy typu holenderskiego. Ma \u0142agodny, lekko wytrawny smak i delikatny bukiet zapachowy. Ser o jednolitej, zwartej konsystencji bez oczek. Idealnie nadaje si\u0119 do wykwintnych kanapek, jako dodatek do zapiekanek i makaron\u00f3w oraz na desk\u0119 ser\u00f3w w towarzystwie zdecydowanych w smaku pikli. Z\u0142oty Mazur to ser bogaty w wap\u0144, bia\u0142ko, fosfor i potas, dzi\u0119ki czemu mo\u017ce by\u0107 wspania\u0142ym uzupe\u0142nieniem diety dzieci. Ser produkowany jest w Mr\u0105gowie<\/p>\n","protected":false},"excerpt":{"rendered":"<p>Ser twardy, dojrzewaj\u0105cy typu holenderskiego. Ma \u0142agodny, lekko wytrawny smak i delikatny bukiet zapachowy. Ser o jednolitej, zwartej konsystencji bez oczek. Idealnie nadaje si\u0119 do wykwintnych kanapek, jako dodatek do zapiekanek i makaron\u00f3w oraz na desk\u0119 ser\u00f3w w towarzystwie zdecydowanych w smaku pikli. Z\u0142oty Mazur to ser bogaty w wap\u0144, bia\u0142ko, fosfor i potas, dzi\u0119ki [&hellip;]<\/p>\n","protected":false},"featured_media":20227,"template":"","meta":[],"product_cat":[558,1211,24],"product_tag":[],"_links":{"self":[{"href":"https:\/\/mlekpol.com.pl\/index.php\/wp-json\/wp\/v2\/product\/20238"}],"collection":[{"href":"https:\/\/mlekpol.com.pl\/index.php\/wp-json\/wp\/v2\/product"}],"about":[{"href":"https:\/\/mlekpol.com.pl\/index.php\/wp-json\/wp\/v2\/types\/product"}],"wp:featuredmedia":[{"embeddable":true,"href":"https:\/\/mlekpol.com.pl\/index.php\/wp-json\/wp\/v2\/media\/20227"}],"wp:attachment":[{"href":"https:\/\/mlekpol.com.pl\/index.php\/wp-json\/wp\/v2\/media?parent=20238"}],"wp:term":[{"taxonomy":"product_cat","embeddable":true,"href":"https:\/\/mlekpol.com.pl\/index.php\/wp-json\/wp\/v2\/product_cat?post=20238"},{"taxonomy":"product_tag","embeddable":true,"href":"https:\/\/mlekpol.com.pl\/index.php\/wp-json\/wp\/v2\/product_tag?post=20238"}],"curies":[{"name":"wp","href":"https:\/\/api.w.org\/{rel}","templated":true}]}}