
{"id":20106,"date":"2020-03-31T14:38:57","date_gmt":"2020-03-31T12:38:57","guid":{"rendered":"https:\/\/mlekpol.com.pl?post_type=product&#038;p=20106"},"modified":"2023-03-01T09:14:31","modified_gmt":"2023-03-01T08:14:31","slug":"ser-krolewski-z-kolna-blok-3","status":"publish","type":"product","link":"https:\/\/mlekpol.com.pl\/index.php\/produkt\/ser-krolewski-z-kolna-blok-3\/","title":{"rendered":"Ser Kr\u00f3lewski z Kolna &#8211; blok (Sejny)"},"content":{"rendered":"<p>Doskona\u0142y ser \u017c\u00f3\u0142ty typu szwajcarskiego wyprodukowany z najlepszego mleka od kr\u00f3w wypasanych w najczystszych regionach Polski. Wyrafinowany smak Kr\u00f3lewskiego z Kolna \u2013 lekko s\u0142odkawy z orzechow\u0105 nut\u0105 \u2013 zadowoli najbardziej wymagaj\u0105cych smakoszy.<\/p>\n","protected":false},"excerpt":{"rendered":"<p>Doskona\u0142y ser \u017c\u00f3\u0142ty typu szwajcarskiego wyprodukowany z najlepszego mleka od kr\u00f3w wypasanych w najczystszych regionach Polski. Wyrafinowany smak Kr\u00f3lewskiego z Kolna \u2013 lekko s\u0142odkawy z orzechow\u0105 nut\u0105 \u2013 zadowoli najbardziej wymagaj\u0105cych smakoszy.<\/p>\n","protected":false},"featured_media":24585,"template":"","meta":[],"product_cat":[1213,179,558,24],"product_tag":[],"_links":{"self":[{"href":"https:\/\/mlekpol.com.pl\/index.php\/wp-json\/wp\/v2\/product\/20106"}],"collection":[{"href":"https:\/\/mlekpol.com.pl\/index.php\/wp-json\/wp\/v2\/product"}],"about":[{"href":"https:\/\/mlekpol.com.pl\/index.php\/wp-json\/wp\/v2\/types\/product"}],"wp:featuredmedia":[{"embeddable":true,"href":"https:\/\/mlekpol.com.pl\/index.php\/wp-json\/wp\/v2\/media\/24585"}],"wp:attachment":[{"href":"https:\/\/mlekpol.com.pl\/index.php\/wp-json\/wp\/v2\/media?parent=20106"}],"wp:term":[{"taxonomy":"product_cat","embeddable":true,"href":"https:\/\/mlekpol.com.pl\/index.php\/wp-json\/wp\/v2\/product_cat?post=20106"},{"taxonomy":"product_tag","embeddable":true,"href":"https:\/\/mlekpol.com.pl\/index.php\/wp-json\/wp\/v2\/product_tag?post=20106"}],"curies":[{"name":"wp","href":"https:\/\/api.w.org\/{rel}","templated":true}]}}