
{"id":19581,"date":"2019-10-04T10:36:01","date_gmt":"2019-10-04T08:36:01","guid":{"rendered":"https:\/\/mlekpol.com.pl?post_type=product&#038;p=19581"},"modified":"2021-06-14T09:12:54","modified_gmt":"2021-06-14T07:12:54","slug":"serek-smietankowy-laciaty-z-kurkami","status":"publish","type":"product","link":"https:\/\/mlekpol.com.pl\/index.php\/produkt\/serek-smietankowy-laciaty-z-kurkami\/","title":{"rendered":"Serek \u015bmietankowy \u0141aciaty z kurkami"},"content":{"rendered":"<p>Serek \u015bmietankowy \u0141aciaty z kurkami to po\u0142\u0105czenie g\u0119stej, kremowej konsystencji i lekkiego \u015bmietankowego smaku, kt\u00f3re idealnie wsp\u00f3\u0142graj\u0105 z charakterystycznym aromatem le\u015bnych grzyb\u00f3w. \u00a0Serek \u0141aciaty z kurkami znakomicie sprawdzi si\u0119 na kanapkach, jako baza sos\u00f3w do mi\u0119s i warzyw oraz w daniach z makaronu. Wszystkie serki \u015bmietankowe \u0141aciate podane s\u0105 w wygodnym, estetycznym opakowaniu o pojemno\u015bci 135 g.<\/p>\n","protected":false},"excerpt":{"rendered":"<p>Serek \u015bmietankowy \u0141aciaty z kurkami to po\u0142\u0105czenie g\u0119stej, kremowej konsystencji i lekkiego \u015bmietankowego smaku, kt\u00f3re idealnie wsp\u00f3\u0142graj\u0105 z charakterystycznym aromatem le\u015bnych grzyb\u00f3w. \u00a0Serek \u0141aciaty z kurkami znakomicie sprawdzi si\u0119 na kanapkach, jako baza sos\u00f3w do mi\u0119s i warzyw oraz w daniach z makaronu. Wszystkie serki \u015bmietankowe \u0141aciate podane s\u0105 w wygodnym, estetycznym opakowaniu o pojemno\u015bci [&hellip;]<\/p>\n","protected":false},"featured_media":21907,"template":"","meta":[],"product_cat":[15,23],"product_tag":[],"_links":{"self":[{"href":"https:\/\/mlekpol.com.pl\/index.php\/wp-json\/wp\/v2\/product\/19581"}],"collection":[{"href":"https:\/\/mlekpol.com.pl\/index.php\/wp-json\/wp\/v2\/product"}],"about":[{"href":"https:\/\/mlekpol.com.pl\/index.php\/wp-json\/wp\/v2\/types\/product"}],"wp:featuredmedia":[{"embeddable":true,"href":"https:\/\/mlekpol.com.pl\/index.php\/wp-json\/wp\/v2\/media\/21907"}],"wp:attachment":[{"href":"https:\/\/mlekpol.com.pl\/index.php\/wp-json\/wp\/v2\/media?parent=19581"}],"wp:term":[{"taxonomy":"product_cat","embeddable":true,"href":"https:\/\/mlekpol.com.pl\/index.php\/wp-json\/wp\/v2\/product_cat?post=19581"},{"taxonomy":"product_tag","embeddable":true,"href":"https:\/\/mlekpol.com.pl\/index.php\/wp-json\/wp\/v2\/product_tag?post=19581"}],"curies":[{"name":"wp","href":"https:\/\/api.w.org\/{rel}","templated":true}]}}