
{"id":19556,"date":"2019-09-26T15:34:34","date_gmt":"2019-09-26T13:34:34","guid":{"rendered":"https:\/\/mlekpol.com.pl?post_type=product&#038;p=19556"},"modified":"2020-06-02T12:52:45","modified_gmt":"2020-06-02T10:52:45","slug":"serwatka-w-proszku-mlekpol-25-kg","status":"publish","type":"product","link":"https:\/\/mlekpol.com.pl\/index.php\/produkt\/serwatka-w-proszku-mlekpol-25-kg\/","title":{"rendered":"Serwatka w proszku Mlekpol"},"content":{"rendered":"<p><strong>Serwatka w proszku Mlekpol <\/strong>powstaje na drodze odparowania wody z serwatki uzyskanej\u00a0 w produkcji ser\u00f3w dojrzewaj\u0105cych lub twarog\u00f3w. Serwatka w proszku jest cennym \u017ar\u00f3d\u0142em bia\u0142ek bogatych w aminokwasy egzogenne. Serwatka w proszku jest wykorzystywana w przemy\u015ble spo\u017cywczym mi\u0119dzy innymi do\u00a0 produkcji przetwor\u00f3w mlecznych oraz s\u0142odyczy, stosowana jest r\u00f3wnie\u017c w kosmetologii jako sk\u0142adnik balsam\u00f3w.\u00a0 Produkt dost\u0119pny jest w 25 kilogramowych workach.<\/p>\n","protected":false},"excerpt":{"rendered":"<p>Serwatka w proszku Mlekpol powstaje na drodze odparowania wody z serwatki uzyskanej\u00a0 w produkcji ser\u00f3w dojrzewaj\u0105cych lub twarog\u00f3w. Serwatka w proszku jest cennym \u017ar\u00f3d\u0142em bia\u0142ek bogatych w aminokwasy egzogenne. Serwatka w proszku jest wykorzystywana w przemy\u015ble spo\u017cywczym mi\u0119dzy innymi do\u00a0 produkcji przetwor\u00f3w mlecznych oraz s\u0142odyczy, stosowana jest r\u00f3wnie\u017c w kosmetologii jako sk\u0142adnik balsam\u00f3w.\u00a0 Produkt dost\u0119pny [&hellip;]<\/p>\n","protected":false},"featured_media":19558,"template":"","meta":[],"product_cat":[999],"product_tag":[],"_links":{"self":[{"href":"https:\/\/mlekpol.com.pl\/index.php\/wp-json\/wp\/v2\/product\/19556"}],"collection":[{"href":"https:\/\/mlekpol.com.pl\/index.php\/wp-json\/wp\/v2\/product"}],"about":[{"href":"https:\/\/mlekpol.com.pl\/index.php\/wp-json\/wp\/v2\/types\/product"}],"wp:featuredmedia":[{"embeddable":true,"href":"https:\/\/mlekpol.com.pl\/index.php\/wp-json\/wp\/v2\/media\/19558"}],"wp:attachment":[{"href":"https:\/\/mlekpol.com.pl\/index.php\/wp-json\/wp\/v2\/media?parent=19556"}],"wp:term":[{"taxonomy":"product_cat","embeddable":true,"href":"https:\/\/mlekpol.com.pl\/index.php\/wp-json\/wp\/v2\/product_cat?post=19556"},{"taxonomy":"product_tag","embeddable":true,"href":"https:\/\/mlekpol.com.pl\/index.php\/wp-json\/wp\/v2\/product_tag?post=19556"}],"curies":[{"name":"wp","href":"https:\/\/api.w.org\/{rel}","templated":true}]}}