
{"id":19532,"date":"2019-09-26T15:07:20","date_gmt":"2019-09-26T13:07:20","guid":{"rendered":"https:\/\/mlekpol.com.pl?post_type=product&#038;p=19532"},"modified":"2020-06-02T12:53:51","modified_gmt":"2020-06-02T10:53:51","slug":"serwatka-w-proszku-demineralizowana-25-kg","status":"publish","type":"product","link":"https:\/\/mlekpol.com.pl\/index.php\/produkt\/serwatka-w-proszku-demineralizowana-25-kg\/","title":{"rendered":"Serwatka w proszku demineralizowana"},"content":{"rendered":"<p><strong>Serwatka w proszku demineralizowana Mlekpol<\/strong> otrzymywana jest poprzez odparowanie wody z serwatki poddanej uprzednio demineralizacji, tj. redukcji poziomu zwi\u0105zk\u00f3w mineralnych. Dzi\u0119ki swojej wysokiej rozpuszczalno\u015bci oraz korzystnym cechom smakowym jest ona powszechnie wykorzystywana do produkcji przetwor\u00f3w mlecznych oraz s\u0142odyczy. Produkt dost\u0119pny jest w 25 kilogramowych workach. Serwatk\u0119 demineralizowan\u0105 Mlekpol nale\u017cy przechowywa\u0107 w temperaturze nie przekraczaj\u0105cej 25 st. C i wilgotno\u015bci powietrza nie wy\u017cszej ni\u017c 75%.<\/p>\n","protected":false},"excerpt":{"rendered":"<p>Serwatka w proszku demineralizowana Mlekpol otrzymywana jest poprzez odparowanie wody z serwatki poddanej uprzednio demineralizacji, tj. redukcji poziomu zwi\u0105zk\u00f3w mineralnych. Dzi\u0119ki swojej wysokiej rozpuszczalno\u015bci oraz korzystnym cechom smakowym jest ona powszechnie wykorzystywana do produkcji przetwor\u00f3w mlecznych oraz s\u0142odyczy. Produkt dost\u0119pny jest w 25 kilogramowych workach. Serwatk\u0119 demineralizowan\u0105 Mlekpol nale\u017cy przechowywa\u0107 w temperaturze nie przekraczaj\u0105cej 25 [&hellip;]<\/p>\n","protected":false},"featured_media":19535,"template":"","meta":[],"product_cat":[999],"product_tag":[],"_links":{"self":[{"href":"https:\/\/mlekpol.com.pl\/index.php\/wp-json\/wp\/v2\/product\/19532"}],"collection":[{"href":"https:\/\/mlekpol.com.pl\/index.php\/wp-json\/wp\/v2\/product"}],"about":[{"href":"https:\/\/mlekpol.com.pl\/index.php\/wp-json\/wp\/v2\/types\/product"}],"wp:featuredmedia":[{"embeddable":true,"href":"https:\/\/mlekpol.com.pl\/index.php\/wp-json\/wp\/v2\/media\/19535"}],"wp:attachment":[{"href":"https:\/\/mlekpol.com.pl\/index.php\/wp-json\/wp\/v2\/media?parent=19532"}],"wp:term":[{"taxonomy":"product_cat","embeddable":true,"href":"https:\/\/mlekpol.com.pl\/index.php\/wp-json\/wp\/v2\/product_cat?post=19532"},{"taxonomy":"product_tag","embeddable":true,"href":"https:\/\/mlekpol.com.pl\/index.php\/wp-json\/wp\/v2\/product_tag?post=19532"}],"curies":[{"name":"wp","href":"https:\/\/api.w.org\/{rel}","templated":true}]}}