
{"id":19524,"date":"2019-09-26T14:37:59","date_gmt":"2019-09-26T12:37:59","guid":{"rendered":"https:\/\/mlekpol.com.pl?post_type=product&#038;p=19524"},"modified":"2020-06-02T12:53:55","modified_gmt":"2020-06-02T10:53:55","slug":"mleko-w-proszku-odtluszczone-mlekpol-25-kg","status":"publish","type":"product","link":"https:\/\/mlekpol.com.pl\/index.php\/produkt\/mleko-w-proszku-odtluszczone-mlekpol-25-kg\/","title":{"rendered":"Mleko w proszku odt\u0142uszczone Mlekpol"},"content":{"rendered":"<p>Mleko w proszku odt\u0142uszczone Mlekpol to pe\u0142nowarto\u015bciowe mleko krowie, pochodz\u0105ce od kr\u00f3w skarmianych paszami wolnymi od GMO,\u00a0 poddane odt\u0142uszczeniu, pasteryzacji, odparowaniu i wysuszeniu. Jest produktem tak samo warto\u015bciowym jak mleko p\u0142ynne, a dzi\u0119ki odparowaniu wody ze \u015bwie\u017cego surowca jest wyrobem o d\u0142ugiej trwa\u0142o\u015bci. Mleko w proszku odt\u0142uszczone Mlekpol zawsze warto mie\u0107 w swojej kuchni. Znakomicie sprawdzi si\u0119 w przygotowaniu ciast, deser\u00f3w oraz lod\u00f3w. Produkt dost\u0119pny jest w 25 kilogramowych workach.<\/p>\n","protected":false},"excerpt":{"rendered":"<p>Mleko w proszku odt\u0142uszczone Mlekpol to pe\u0142nowarto\u015bciowe mleko krowie, pochodz\u0105ce od kr\u00f3w skarmianych paszami wolnymi od GMO,\u00a0 poddane odt\u0142uszczeniu, pasteryzacji, odparowaniu i wysuszeniu. Jest produktem tak samo warto\u015bciowym jak mleko p\u0142ynne, a dzi\u0119ki odparowaniu wody ze \u015bwie\u017cego surowca jest wyrobem o d\u0142ugiej trwa\u0142o\u015bci. Mleko w proszku odt\u0142uszczone Mlekpol zawsze warto mie\u0107 w swojej kuchni. Znakomicie [&hellip;]<\/p>\n","protected":false},"featured_media":19526,"template":"","meta":[],"product_cat":[999],"product_tag":[],"_links":{"self":[{"href":"https:\/\/mlekpol.com.pl\/index.php\/wp-json\/wp\/v2\/product\/19524"}],"collection":[{"href":"https:\/\/mlekpol.com.pl\/index.php\/wp-json\/wp\/v2\/product"}],"about":[{"href":"https:\/\/mlekpol.com.pl\/index.php\/wp-json\/wp\/v2\/types\/product"}],"wp:featuredmedia":[{"embeddable":true,"href":"https:\/\/mlekpol.com.pl\/index.php\/wp-json\/wp\/v2\/media\/19526"}],"wp:attachment":[{"href":"https:\/\/mlekpol.com.pl\/index.php\/wp-json\/wp\/v2\/media?parent=19524"}],"wp:term":[{"taxonomy":"product_cat","embeddable":true,"href":"https:\/\/mlekpol.com.pl\/index.php\/wp-json\/wp\/v2\/product_cat?post=19524"},{"taxonomy":"product_tag","embeddable":true,"href":"https:\/\/mlekpol.com.pl\/index.php\/wp-json\/wp\/v2\/product_tag?post=19524"}],"curies":[{"name":"wp","href":"https:\/\/api.w.org\/{rel}","templated":true}]}}